{"id":100,"date":"2024-08-21T09:18:50","date_gmt":"2024-08-21T15:18:50","guid":{"rendered":"https:\/\/www.syrisolutions.com\/shop\/?post_type=product&#038;p=100"},"modified":"2025-11-07T13:31:38","modified_gmt":"2025-11-07T19:31:38","slug":"jabonera-manual-dispensadora-oval-1l-humo-c-negro-dv018","status":"publish","type":"product","link":"https:\/\/www.syrisolutions.com\/shop\/product\/jabonera-manual-dispensadora-oval-1l-humo-c-negro-dv018\/","title":{"rendered":"Jabonera Manual Dispensadora Oval\u00ae 1l, Humo C\/ Negro. DV018."},"content":{"rendered":"<p><span class=\"s1\">E<\/span><span class=\"s1\">s un dosificador de jab\u00f3n l\u00edquido a granel con capacidad de 1 litro. El tanque es transparente y muy resistente por ser fabricado en pl\u00e1stico ABS. Esta jabonera puede dosificar cualquier tipo o marca de jab\u00f3n l\u00edquido para manos a granel. Su mecanismo es sumamente confiable y durable. Dosifica aproximadamente 1 ml al activar el bot\u00f3n. Es completamente manual por lo que no utiliza pilas. El tanque puede ser desmontado de la base para limpiarlo. La tapa se libera mediante un bot\u00f3n oculto en la parte baja de la jabonera por lo que no se requiere de llave para abrirla.<\/span><\/p>\n<p><strong>USOS PRINCIPALES<\/strong><\/p>\n<p>P<span class=\"s1\">or su capacidad y durabilidad esta jabonera es ideal para todo tipo de ba\u00f1os p\u00fablicos, ya sea en industrias, restaurantes, hospitales, hoteles, salones de fiestas, clubes deportivos, oficinas,<span class=\"Apple-converted-space\">\u00a0\u00a0<\/span>gasolineras, etc.<\/span><\/p>\n<p><strong>MONTAJE<\/strong><\/p>\n<p class=\"p1\"><span class=\"s1\">E<\/span><span class=\"s1\">sta jabonera debe ser montada en la pared o cualquier superficie vertical. El montaje en la pared se debe hacer con 3 taquetes y pijas que vienen incluidas con el producto.<\/span><\/p>\n<p><iframe title=\"Oval L\u00ednea ABS Junior - DV006\/DV018, DV009\/DV026, DV046\/DV047\" width=\"640\" height=\"360\" src=\"https:\/\/www.youtube.com\/embed\/--WKjYlo6fU?feature=oembed\" frameborder=\"0\" allow=\"accelerometer; autoplay; clipboard-write; encrypted-media; gyroscope; picture-in-picture; web-share\" referrerpolicy=\"strict-origin-when-cross-origin\" allowfullscreen><\/iframe><\/p>\n","protected":false},"excerpt":{"rendered":"<p>D<span class=\"s1\">osificador de jab\u00f3n l\u00edquido a granel con capacidad de 1 litro.<\/span><\/p>\n<p>P<span class=\"s1\">or su capacidad y durabilidad esta jabonera es ideal para todo tipo de ba\u00f1os p\u00fablicos, ya sea en industrias, restaurantes, hospitales, hoteles, salones de fiestas, clubes deportivos, oficinas,<span class=\"Apple-converted-space\">\u00a0\u00a0<\/span>gasolineras, etc.<\/span><\/p>\n","protected":false},"featured_media":101,"comment_status":"open","ping_status":"closed","template":"","meta":[],"product_cat":[20,21],"product_tag":[],"class_list":{"0":"post-100","1":"product","2":"type-product","3":"status-publish","4":"has-post-thumbnail","6":"product_cat-articulos-de-limpieza","7":"product_cat-dispensadores","9":"first","10":"outofstock","11":"purchasable","12":"product-type-simple","13":"add-to-wishlist-after_add_to_cart"},"_links":{"self":[{"href":"https:\/\/www.syrisolutions.com\/shop\/wp-json\/wp\/v2\/product\/100","targetHints":{"allow":["GET"]}}],"collection":[{"href":"https:\/\/www.syrisolutions.com\/shop\/wp-json\/wp\/v2\/product"}],"about":[{"href":"https:\/\/www.syrisolutions.com\/shop\/wp-json\/wp\/v2\/types\/product"}],"replies":[{"embeddable":true,"href":"https:\/\/www.syrisolutions.com\/shop\/wp-json\/wp\/v2\/comments?post=100"}],"wp:featuredmedia":[{"embeddable":true,"href":"https:\/\/www.syrisolutions.com\/shop\/wp-json\/wp\/v2\/media\/101"}],"wp:attachment":[{"href":"https:\/\/www.syrisolutions.com\/shop\/wp-json\/wp\/v2\/media?parent=100"}],"wp:term":[{"taxonomy":"product_cat","embeddable":true,"href":"https:\/\/www.syrisolutions.com\/shop\/wp-json\/wp\/v2\/product_cat?post=100"},{"taxonomy":"product_tag","embeddable":true,"href":"https:\/\/www.syrisolutions.com\/shop\/wp-json\/wp\/v2\/product_tag?post=100"}],"curies":[{"name":"wp","href":"https:\/\/api.w.org\/{rel}","templated":true}]}}