{"id":128,"date":"2024-08-23T08:56:27","date_gmt":"2024-08-23T14:56:27","guid":{"rendered":"https:\/\/www.syrisolutions.com\/shop\/?post_type=product&#038;p=128"},"modified":"2025-11-07T13:42:10","modified_gmt":"2025-11-07T19:42:10","slug":"jabonera-automatica-acero-inoxidable-1-litro-oval","status":"publish","type":"product","link":"https:\/\/www.syrisolutions.com\/shop\/product\/jabonera-automatica-acero-inoxidable-1-litro-oval\/","title":{"rendered":"Jabonera Autom\u00e1tica Acero Inoxidable. 1 Litro. DV057. Oval\u00ae."},"content":{"rendered":"<p class=\"p1\">Dispensador de jab\u00f3n l\u00edquido a granel con capacidad de 1 litro. Est\u00e1 fabricado en acero inoxidable de muy alta resistencia al impacto y a la corrosi\u00f3n. Esta jabonera puede dosificar cualquier tipo o marca de jab\u00f3n l\u00edquido para manos a granel. Su v\u00e1lvula dosificadora es met\u00e1lica, muy confiable y durable. Dosifica aproximadamente 1 ml al activar el bot\u00f3n. Es completamente manual por lo que no utiliza pilas. La jabonera puede ser desmontada de su base para su limpieza retirando un tornillo. En la parte superior se encuentra la abertura para el rellenado de jab\u00f3n que cuenta con tapa, cerradura y llave.<\/p>\n<p>Por su alta resistencia e imagen, es ideal para todo tipo de ba\u00f1os p\u00fablicos de alto tr\u00e1fico como lo que se encuentran en gasolineras, industrias, centros comerciales, escuelas, restaurantes, etc.<\/p>\n<p class=\"p1\">Esta jabonera debe ser montada en la pared o cualquier superficie vertical. El montaje en pared se debe hacer con 3 taquetes y pijas que vienen inclu\u00eddos con el producto.<\/p>\n","protected":false},"excerpt":{"rendered":"<p>Por su alta resistencia e imagen, es ideal para todo tipo de ba\u00f1os p\u00fablicos de alto tr\u00e1fico como lo que se encuentran en gasolineras, industrias, centros comerciales, escuelas, restaurantes, etc<\/p>\n[embed]https:\/\/www.youtube.com\/watch?v=0F4BwMffc10[\/embed]\n","protected":false},"featured_media":129,"comment_status":"open","ping_status":"closed","template":"","meta":[],"product_cat":[20,21],"product_tag":[],"class_list":{"0":"post-128","1":"product","2":"type-product","3":"status-publish","4":"has-post-thumbnail","6":"product_cat-articulos-de-limpieza","7":"product_cat-dispensadores","9":"first","10":"outofstock","11":"purchasable","12":"product-type-simple","13":"add-to-wishlist-after_add_to_cart"},"_links":{"self":[{"href":"https:\/\/www.syrisolutions.com\/shop\/wp-json\/wp\/v2\/product\/128","targetHints":{"allow":["GET"]}}],"collection":[{"href":"https:\/\/www.syrisolutions.com\/shop\/wp-json\/wp\/v2\/product"}],"about":[{"href":"https:\/\/www.syrisolutions.com\/shop\/wp-json\/wp\/v2\/types\/product"}],"replies":[{"embeddable":true,"href":"https:\/\/www.syrisolutions.com\/shop\/wp-json\/wp\/v2\/comments?post=128"}],"wp:featuredmedia":[{"embeddable":true,"href":"https:\/\/www.syrisolutions.com\/shop\/wp-json\/wp\/v2\/media\/129"}],"wp:attachment":[{"href":"https:\/\/www.syrisolutions.com\/shop\/wp-json\/wp\/v2\/media?parent=128"}],"wp:term":[{"taxonomy":"product_cat","embeddable":true,"href":"https:\/\/www.syrisolutions.com\/shop\/wp-json\/wp\/v2\/product_cat?post=128"},{"taxonomy":"product_tag","embeddable":true,"href":"https:\/\/www.syrisolutions.com\/shop\/wp-json\/wp\/v2\/product_tag?post=128"}],"curies":[{"name":"wp","href":"https:\/\/api.w.org\/{rel}","templated":true}]}}