{"id":135,"date":"2024-08-27T10:40:44","date_gmt":"2024-08-27T16:40:44","guid":{"rendered":"https:\/\/www.syrisolutions.com\/shop\/?post_type=product&#038;p=135"},"modified":"2024-09-04T07:24:14","modified_gmt":"2024-09-04T13:24:14","slug":"despachador-de-papel-higienico-jumbo-oval-dv031-blanco","status":"publish","type":"product","link":"https:\/\/www.syrisolutions.com\/shop\/product\/despachador-de-papel-higienico-jumbo-oval-dv031-blanco\/","title":{"rendered":"Despachador De Papel Higi\u00e9nico Jumbo Oval. Dv031. Blanco."},"content":{"rendered":"<p>Dosificador de papel higi\u00e9nico en bobina jumbo. Tiene capacidad para rollos de hasta 10 cm de ancho y de hasta 600 mts de largo. Es un despachador de excelente resistencia al impacto por lo que es de uso rudo \/ industrial. Este despachador dosifica cualquier marca de papel higi\u00e9nico jumbo universal, ya sea de hoja doble o sencilla. La tapa o cubierta es transparente, lo que permite ver cu\u00e1ndo cambiar el rollo, la cerradura est\u00e1 al centro del despachador por lo que es muy segura y utiliza llave para abrirse. Este despachador viene con dos llaves.<\/p>\n<p>Por su capacidad y resistencia es ideal para todo tipo de ba\u00f1os p\u00fablicos, ya sea en industria, restaurantes, hospitales, hoteles, salones de fiestas, clubes deportivos, oficinas, gasolineras, etc.<\/p>\n<p>Este despachador se monta directamente sobre la pared con el juego de 3 pijas y taquetes incluidos.<\/p>\n<p>Peso:\u00a0 \u00a0 \u00a0 \u00a0 \u00a0 \u00a0 \u00a0 \u00a0 \u00a0 \u00a01.6 kg<br \/>\nDimensiones:\u00a0 \u00a0 0.36 \u00d7 0.36 \u00d7 0.14 cm<\/p>\n","protected":false},"excerpt":{"rendered":"<p>Por su capacidad y resistencia es ideal para todo tipo de ba\u00f1os p\u00fablicos, ya sea en industria, restaurantes, hospitales, hoteles, salones de fiestas, clubes deportivos, oficinas, gasolineras, etc.<\/p>\n[embed]https:\/\/www.youtube.com\/watch?v=d_nQAHcBMVg[\/embed]\n","protected":false},"featured_media":137,"comment_status":"open","ping_status":"closed","template":"","meta":[],"product_cat":[20,21],"product_tag":[],"class_list":{"0":"post-135","1":"product","2":"type-product","3":"status-publish","4":"has-post-thumbnail","6":"product_cat-articulos-de-limpieza","7":"product_cat-dispensadores","9":"first","10":"instock","11":"purchasable","12":"product-type-simple","13":"add-to-wishlist-after_add_to_cart"},"_links":{"self":[{"href":"https:\/\/www.syrisolutions.com\/shop\/wp-json\/wp\/v2\/product\/135","targetHints":{"allow":["GET"]}}],"collection":[{"href":"https:\/\/www.syrisolutions.com\/shop\/wp-json\/wp\/v2\/product"}],"about":[{"href":"https:\/\/www.syrisolutions.com\/shop\/wp-json\/wp\/v2\/types\/product"}],"replies":[{"embeddable":true,"href":"https:\/\/www.syrisolutions.com\/shop\/wp-json\/wp\/v2\/comments?post=135"}],"wp:featuredmedia":[{"embeddable":true,"href":"https:\/\/www.syrisolutions.com\/shop\/wp-json\/wp\/v2\/media\/137"}],"wp:attachment":[{"href":"https:\/\/www.syrisolutions.com\/shop\/wp-json\/wp\/v2\/media?parent=135"}],"wp:term":[{"taxonomy":"product_cat","embeddable":true,"href":"https:\/\/www.syrisolutions.com\/shop\/wp-json\/wp\/v2\/product_cat?post=135"},{"taxonomy":"product_tag","embeddable":true,"href":"https:\/\/www.syrisolutions.com\/shop\/wp-json\/wp\/v2\/product_tag?post=135"}],"curies":[{"name":"wp","href":"https:\/\/api.w.org\/{rel}","templated":true}]}}