{"id":139,"date":"2024-08-27T10:48:05","date_gmt":"2024-08-27T16:48:05","guid":{"rendered":"https:\/\/www.syrisolutions.com\/shop\/?post_type=product&#038;p=139"},"modified":"2025-10-30T09:15:30","modified_gmt":"2025-10-30T15:15:30","slug":"despachador-de-toalla-interdoblada-oval-dv038-acero-inoxidable","status":"publish","type":"product","link":"https:\/\/www.syrisolutions.com\/shop\/product\/despachador-de-toalla-interdoblada-oval-dv038-acero-inoxidable\/","title":{"rendered":"Despachador De Toalla Interdoblada Oval, DV038. Acero Inoxidable."},"content":{"rendered":"<p>Este dispensador de toalla interdoblada es un dosificador de toallas tipo sanitas o en Z de medida universal y tiene capacidad para almacenar hasta 300 toallas ya sean de hoja doble o sencilla.<\/p>\n<p>22 cm alto x 26.5 cm largo x 8 cm profundidad<\/p>\n<p>Acero inoxidable de alta resistencia y larga durabilidad<\/p>\n<p>Acero inoxidable satinado que ofrece una imagen moderna, alta resistencia al impacto y evita las marcas dactilares, cuenta con una ranura que permite ver la cantidad de toallas restante<\/p>\n<p>-300 toallas de hoja doble o sencilla, funciona con cualquier marca de toalla de papel interdoblada en z o tipo sanitas de medida universal<\/p>\n<p>F\u00e1cil montaje en pared con juego de tornillos y taquetes incluido, utiliza una cerradura y llave met\u00e1licas en la parte superior que le da gran seguridad<\/p>\n<p>El dise\u00f1o es corto y muy conveniente ya que ahorra espacio, las toallas salen mas suavemente por no estar tan presionadas, dosifica de una en una evitando contaminaci\u00f3n cruzada y desperdicios<\/p>\n<p>Excelente calidad y resistencia, de uso rudo\/industrial con dise\u00f1o est\u00e9tico y pr\u00e1ctico, por sus capacidades y resistencia es ideal para todo tipo de ba\u00f1os p\u00fablicos ya sea en industria, restaurantes, hoteles, hospitales, escuelas, aeropuertos, gasolineras, etc<\/p>\n","protected":false},"excerpt":{"rendered":"<p>Excelente calidad y resistencia, de uso rudo\/industrial con dise\u00f1o est\u00e9tico y pr\u00e1ctico, por sus capacidades y resistencia es ideal para todo tipo de ba\u00f1os p\u00fablicos ya sea en industria, restaurantes, hoteles, hospitales, escuelas, aeropuertos, gasolineras, etc<\/p>\n[embed]https:\/\/www.youtube.com\/watch?v=lN_rHG1s_iM[\/embed]\n","protected":false},"featured_media":142,"comment_status":"open","ping_status":"closed","template":"","meta":[],"product_cat":[20,21],"product_tag":[],"class_list":{"0":"post-139","1":"product","2":"type-product","3":"status-publish","4":"has-post-thumbnail","6":"product_cat-articulos-de-limpieza","7":"product_cat-dispensadores","9":"first","10":"outofstock","11":"purchasable","12":"product-type-simple","13":"add-to-wishlist-after_add_to_cart"},"_links":{"self":[{"href":"https:\/\/www.syrisolutions.com\/shop\/wp-json\/wp\/v2\/product\/139","targetHints":{"allow":["GET"]}}],"collection":[{"href":"https:\/\/www.syrisolutions.com\/shop\/wp-json\/wp\/v2\/product"}],"about":[{"href":"https:\/\/www.syrisolutions.com\/shop\/wp-json\/wp\/v2\/types\/product"}],"replies":[{"embeddable":true,"href":"https:\/\/www.syrisolutions.com\/shop\/wp-json\/wp\/v2\/comments?post=139"}],"wp:featuredmedia":[{"embeddable":true,"href":"https:\/\/www.syrisolutions.com\/shop\/wp-json\/wp\/v2\/media\/142"}],"wp:attachment":[{"href":"https:\/\/www.syrisolutions.com\/shop\/wp-json\/wp\/v2\/media?parent=139"}],"wp:term":[{"taxonomy":"product_cat","embeddable":true,"href":"https:\/\/www.syrisolutions.com\/shop\/wp-json\/wp\/v2\/product_cat?post=139"},{"taxonomy":"product_tag","embeddable":true,"href":"https:\/\/www.syrisolutions.com\/shop\/wp-json\/wp\/v2\/product_tag?post=139"}],"curies":[{"name":"wp","href":"https:\/\/api.w.org\/{rel}","templated":true}]}}