{"id":147,"date":"2024-08-27T11:11:24","date_gmt":"2024-08-27T17:11:24","guid":{"rendered":"https:\/\/www.syrisolutions.com\/shop\/?post_type=product&#038;p=147"},"modified":"2025-10-30T09:13:01","modified_gmt":"2025-10-30T15:13:01","slug":"despachador-jumbo-de-papel-higienico-oval-dv003-humo-c-gris","status":"publish","type":"product","link":"https:\/\/www.syrisolutions.com\/shop\/product\/despachador-jumbo-de-papel-higienico-oval-dv003-humo-c-gris\/","title":{"rendered":"Despachador Jumbo De Papel Higi\u00e9nico Oval\u00ae. DV003. Humo C\/ Gris"},"content":{"rendered":"<p>Despachador Jumbo De Papel Higi\u00e9nico Oval\u00ae Humo C\/ Gris es un dosificador de papel higi\u00e9nico en bobina jumbo. Tiene capacidad para rollos de hasta 10 cm de ancho y de hasta 600 mts de largo. Este despachador es de excelente resistencia al impacto, lo que lo hace ideal para uso rudo o industrial.<\/p>\n<p>Puede dosificar cualquier marca de papel higi\u00e9nico jumbo universal, ya sea de hoja doble o sencilla. La tapa o cubierta es transparente, lo que permite ver cu\u00e1ndo cambiar el rollo. La cerradura est\u00e1 al centro del despachador, lo que lo hace muy seguro y utiliza llave para abrirse. Este despachador viene con dos llaves.<\/p>\n<p>Por su capacidad y resistencia, este despachador es ideal para todo tipo de ba\u00f1os p\u00fablicos, ya sea en industria, restaurantes, hospitales, hoteles, salones de fiestas, clubes deportivos, oficinas, gasolineras, etc.<\/p>\n<p>Este despachador se monta directamente sobre la pared con el juego de 3 pijas y taquetes incluidos.<\/p>\n","protected":false},"excerpt":{"rendered":"<p>Por su capacidad y resistencia, este despachador es ideal para todo tipo de ba\u00f1os p\u00fablicos, ya sea en industria, restaurantes, hospitales, hoteles, salones de fiestas, clubes deportivos, oficinas, gasolineras, etc.<\/p>\n[embed]https:\/\/www.youtube.com\/watch?v=VwW-UsAlfyI[\/embed]\n","protected":false},"featured_media":149,"comment_status":"open","ping_status":"closed","template":"","meta":[],"product_cat":[20,21],"product_tag":[],"class_list":{"0":"post-147","1":"product","2":"type-product","3":"status-publish","4":"has-post-thumbnail","6":"product_cat-articulos-de-limpieza","7":"product_cat-dispensadores","9":"first","10":"instock","11":"purchasable","12":"product-type-simple","13":"add-to-wishlist-after_add_to_cart"},"_links":{"self":[{"href":"https:\/\/www.syrisolutions.com\/shop\/wp-json\/wp\/v2\/product\/147","targetHints":{"allow":["GET"]}}],"collection":[{"href":"https:\/\/www.syrisolutions.com\/shop\/wp-json\/wp\/v2\/product"}],"about":[{"href":"https:\/\/www.syrisolutions.com\/shop\/wp-json\/wp\/v2\/types\/product"}],"replies":[{"embeddable":true,"href":"https:\/\/www.syrisolutions.com\/shop\/wp-json\/wp\/v2\/comments?post=147"}],"wp:featuredmedia":[{"embeddable":true,"href":"https:\/\/www.syrisolutions.com\/shop\/wp-json\/wp\/v2\/media\/149"}],"wp:attachment":[{"href":"https:\/\/www.syrisolutions.com\/shop\/wp-json\/wp\/v2\/media?parent=147"}],"wp:term":[{"taxonomy":"product_cat","embeddable":true,"href":"https:\/\/www.syrisolutions.com\/shop\/wp-json\/wp\/v2\/product_cat?post=147"},{"taxonomy":"product_tag","embeddable":true,"href":"https:\/\/www.syrisolutions.com\/shop\/wp-json\/wp\/v2\/product_tag?post=147"}],"curies":[{"name":"wp","href":"https:\/\/api.w.org\/{rel}","templated":true}]}}