{"id":150,"date":"2024-08-27T11:22:14","date_gmt":"2024-08-27T17:22:14","guid":{"rendered":"https:\/\/www.syrisolutions.com\/shop\/?post_type=product&#038;p=150"},"modified":"2024-09-04T07:22:50","modified_gmt":"2024-09-04T13:22:50","slug":"secador-de-manos-hd0940-17-eco-storm-palmer-fixture","status":"publish","type":"product","link":"https:\/\/www.syrisolutions.com\/shop\/product\/secador-de-manos-hd0940-17-eco-storm-palmer-fixture\/","title":{"rendered":"Secador De Manos Hd0940-17. Eco Storm. Palmer Fixture"},"content":{"rendered":"<p>Ahorro de hasta el 75% en costos comparado con los secadores convencionales.<br \/>\nEl m\u00e1s silencioso del mercado.<br \/>\nSistema de corte autom\u00e1tico de flujo de aire despu\u00e9s de 60 segundos.<br \/>\nFabricado con material reciclado.<br \/>\nMas peque\u00f1o que una hoja est\u00e1ndar de papel.<br \/>\nUsa 90% menos energ\u00eda que los secadores convencionales.<br \/>\nSecador de manos de alta velocidad.<\/p>\n<p>ESPECIFICACIONES T\u00c9CNICAS<br \/>\nNivel de sonido: 63.5dB<br \/>\nMaterial: Acero Inoxidable<br \/>\nEl motor corta a los 105\u00b0C<br \/>\nEl calentador se apaga a los 139\u00b0C<br \/>\nFlujo de aire: 17,752 LFM, Ajustable<br \/>\nTemperatura de aire: 55\u00b0C Temperatura ambiente 25\u00b0C<\/p>\n<p>Velocidad de giro: 29,000 rpm. Ajustable<br \/>\nAhorro de hasta el 75% en costos comparado con los secadores convencionales.<br \/>\nEl m\u00e1s silencioso del mercado.<br \/>\nUtiliza 90% menos energ\u00eda comparado con los secadores convencionales.<br \/>\nSistema de corte autom\u00e1tico de flujo de aire despu\u00e9s de 60 segundos.<br \/>\nFabricado con material reciclado.<br \/>\nM\u00e1s peque\u00f1o que una hoja est\u00e1ndar de papel.<br \/>\n3 a\u00f1os de garant\u00eda.<br \/>\nVoltaje &amp; Amperes: 110\/120V \/ 8.4-10.5A<\/p>\n","protected":false},"excerpt":{"rendered":"<p><span class=\"a-list-item\">Seca las manos en 10-15 segundos.<\/span><\/p>\n<p><span class=\"a-list-item\">GreenSpec listado\/cr\u00e9ditos LED<\/span><\/p>\n<p><span class=\"a-list-item\">Elemento calefactor tiene protector t\u00e9rmico autom\u00e1tico<\/span><\/p>\n<p><span class=\"a-list-item\">3 a\u00f1os de garant\u00eda<\/span><\/p>\n<p><span class=\"a-list-item\">6-1\/<\/span><\/p>\n[embed]https:\/\/www.youtube.com\/watch?v=hMl9Y-HL4Fg[\/embed]\n<p><span class=\"a-list-item\">2 pulgadas de alto, 9 1\/2 pulgadas de ancho, 5-1\/2 pulgadas de profundidad<\/span><\/p>\n","protected":false},"featured_media":151,"comment_status":"open","ping_status":"closed","template":"","meta":[],"product_cat":[20,21,17],"product_tag":[],"class_list":{"0":"post-150","1":"product","2":"type-product","3":"status-publish","4":"has-post-thumbnail","6":"product_cat-articulos-de-limpieza","7":"product_cat-dispensadores","8":"product_cat-electrico","10":"first","11":"instock","12":"purchasable","13":"product-type-simple","14":"add-to-wishlist-after_add_to_cart"},"_links":{"self":[{"href":"https:\/\/www.syrisolutions.com\/shop\/wp-json\/wp\/v2\/product\/150","targetHints":{"allow":["GET"]}}],"collection":[{"href":"https:\/\/www.syrisolutions.com\/shop\/wp-json\/wp\/v2\/product"}],"about":[{"href":"https:\/\/www.syrisolutions.com\/shop\/wp-json\/wp\/v2\/types\/product"}],"replies":[{"embeddable":true,"href":"https:\/\/www.syrisolutions.com\/shop\/wp-json\/wp\/v2\/comments?post=150"}],"wp:featuredmedia":[{"embeddable":true,"href":"https:\/\/www.syrisolutions.com\/shop\/wp-json\/wp\/v2\/media\/151"}],"wp:attachment":[{"href":"https:\/\/www.syrisolutions.com\/shop\/wp-json\/wp\/v2\/media?parent=150"}],"wp:term":[{"taxonomy":"product_cat","embeddable":true,"href":"https:\/\/www.syrisolutions.com\/shop\/wp-json\/wp\/v2\/product_cat?post=150"},{"taxonomy":"product_tag","embeddable":true,"href":"https:\/\/www.syrisolutions.com\/shop\/wp-json\/wp\/v2\/product_tag?post=150"}],"curies":[{"name":"wp","href":"https:\/\/api.w.org\/{rel}","templated":true}]}}