{"id":152,"date":"2024-08-27T11:33:04","date_gmt":"2024-08-27T17:33:04","guid":{"rendered":"https:\/\/www.syrisolutions.com\/shop\/?post_type=product&#038;p=152"},"modified":"2025-11-07T13:40:18","modified_gmt":"2025-11-07T19:40:18","slug":"jabonera-automatica-espuma-jofel-dj70010","status":"publish","type":"product","link":"https:\/\/www.syrisolutions.com\/shop\/product\/jabonera-automatica-espuma-jofel-dj70010\/","title":{"rendered":"Jabonera Autom\u00e1tica Espuma. Jofel. DJ70010."},"content":{"rendered":"<p>Dosificador de Jab\u00f3n. Posee un mecanismo interno de pulsador que evita escurrimiento de Jab\u00f3n. Color de<br \/>\nproducto: Base Gris &#8211; Vaso Transparente &#8211; Tapa Acero Inoxidable AISI 304 cal. 20. Indicado para W.C. p\u00fablicos<br \/>\nde alta rotaci\u00f3n.<\/p>\n","protected":false},"excerpt":{"rendered":"<p>Dispensador de jab\u00f3n l\u00edquido manual rellenable.<\/p>\n<p>Indicado para W.C. p\u00fablicos de al<\/p>\n[embed]https:\/\/www.youtube.com\/watch?v=ftGlwOfTRDM[\/embed]\n<p>ta rotaci\u00f3n.<\/p>\n","protected":false},"featured_media":153,"comment_status":"open","ping_status":"closed","template":"","meta":[],"product_cat":[20,21],"product_tag":[],"class_list":{"0":"post-152","1":"product","2":"type-product","3":"status-publish","4":"has-post-thumbnail","6":"product_cat-articulos-de-limpieza","7":"product_cat-dispensadores","9":"first","10":"outofstock","11":"purchasable","12":"product-type-simple","13":"add-to-wishlist-after_add_to_cart"},"_links":{"self":[{"href":"https:\/\/www.syrisolutions.com\/shop\/wp-json\/wp\/v2\/product\/152","targetHints":{"allow":["GET"]}}],"collection":[{"href":"https:\/\/www.syrisolutions.com\/shop\/wp-json\/wp\/v2\/product"}],"about":[{"href":"https:\/\/www.syrisolutions.com\/shop\/wp-json\/wp\/v2\/types\/product"}],"replies":[{"embeddable":true,"href":"https:\/\/www.syrisolutions.com\/shop\/wp-json\/wp\/v2\/comments?post=152"}],"wp:featuredmedia":[{"embeddable":true,"href":"https:\/\/www.syrisolutions.com\/shop\/wp-json\/wp\/v2\/media\/153"}],"wp:attachment":[{"href":"https:\/\/www.syrisolutions.com\/shop\/wp-json\/wp\/v2\/media?parent=152"}],"wp:term":[{"taxonomy":"product_cat","embeddable":true,"href":"https:\/\/www.syrisolutions.com\/shop\/wp-json\/wp\/v2\/product_cat?post=152"},{"taxonomy":"product_tag","embeddable":true,"href":"https:\/\/www.syrisolutions.com\/shop\/wp-json\/wp\/v2\/product_tag?post=152"}],"curies":[{"name":"wp","href":"https:\/\/api.w.org\/{rel}","templated":true}]}}