{"id":161,"date":"2024-08-27T16:17:48","date_gmt":"2024-08-27T22:17:48","guid":{"rendered":"https:\/\/www.syrisolutions.com\/shop\/?post_type=product&#038;p=161"},"modified":"2026-01-09T17:09:13","modified_gmt":"2026-01-09T23:09:13","slug":"porta-rollo-smart-mini-jofel-ae59403","status":"publish","type":"product","link":"https:\/\/www.syrisolutions.com\/shop\/product\/porta-rollo-smart-mini-jofel-ae59403\/","title":{"rendered":"Porta Rollo Smart Mini. Jofel. AE59403"},"content":{"rendered":"<p>&nbsp;<\/p>\n<p>Dispensador de papel higi\u00e9nico de alta resistencia ideal para lugares de alta rotaci\u00f3n, hecho de pl\u00e1stico ABS color humo. El dise\u00f1o de este modelo lo hace ideal para usar en oficinas, ba\u00f1os p\u00fablicos e incluso en hogares. Especial para \u00e1reas de alto tr\u00e1fico.<\/p>\n<p>El dispensador de papel higi\u00e9nico smart tiene una funci\u00f3n anti-robo ya que cuenta con cerradura y llave, adicional, tiene sistema ant\u00ed-desperdicio el cual despacha la cantidad exacta de papel higi\u00e9nico.<\/p>\n<p>&nbsp;<\/p>\n","protected":false},"excerpt":{"rendered":"[embed]https:\/\/www.youtube.com\/watch?v=JbOatR-235E[\/embed]\n<p>Dispensador de papel higi\u00e9nico en color humo, capacidad para un rollo de 300 m. Fabricado en<br \/>\npl\u00e1stico ABS y dise\u00f1ado para instalaciones de alto tr\u00e1fico.<\/p>\n","protected":false},"featured_media":162,"comment_status":"open","ping_status":"closed","template":"","meta":[],"product_cat":[20,21],"product_tag":[],"class_list":{"0":"post-161","1":"product","2":"type-product","3":"status-publish","4":"has-post-thumbnail","6":"product_cat-articulos-de-limpieza","7":"product_cat-dispensadores","9":"first","10":"outofstock","11":"purchasable","12":"product-type-simple","13":"add-to-wishlist-after_add_to_cart"},"_links":{"self":[{"href":"https:\/\/www.syrisolutions.com\/shop\/wp-json\/wp\/v2\/product\/161","targetHints":{"allow":["GET"]}}],"collection":[{"href":"https:\/\/www.syrisolutions.com\/shop\/wp-json\/wp\/v2\/product"}],"about":[{"href":"https:\/\/www.syrisolutions.com\/shop\/wp-json\/wp\/v2\/types\/product"}],"replies":[{"embeddable":true,"href":"https:\/\/www.syrisolutions.com\/shop\/wp-json\/wp\/v2\/comments?post=161"}],"wp:featuredmedia":[{"embeddable":true,"href":"https:\/\/www.syrisolutions.com\/shop\/wp-json\/wp\/v2\/media\/162"}],"wp:attachment":[{"href":"https:\/\/www.syrisolutions.com\/shop\/wp-json\/wp\/v2\/media?parent=161"}],"wp:term":[{"taxonomy":"product_cat","embeddable":true,"href":"https:\/\/www.syrisolutions.com\/shop\/wp-json\/wp\/v2\/product_cat?post=161"},{"taxonomy":"product_tag","embeddable":true,"href":"https:\/\/www.syrisolutions.com\/shop\/wp-json\/wp\/v2\/product_tag?post=161"}],"curies":[{"name":"wp","href":"https:\/\/api.w.org\/{rel}","templated":true}]}}