{"id":170,"date":"2024-08-29T17:19:25","date_gmt":"2024-08-29T23:19:25","guid":{"rendered":"https:\/\/www.syrisolutions.com\/shop\/?post_type=product&#038;p=170"},"modified":"2025-10-30T09:07:31","modified_gmt":"2025-10-30T15:07:31","slug":"lijadora-neumatica-tipo-pistola-5-cp9778-chicago-pneumatic","status":"publish","type":"product","link":"https:\/\/www.syrisolutions.com\/shop\/product\/lijadora-neumatica-tipo-pistola-5-cp9778-chicago-pneumatic\/","title":{"rendered":"Lijadora Neum\u00e1tica Tipo Pistola 5&#8243;. CP9778 Chicago Pnematic."},"content":{"rendered":"<p>Una lijadora giratoria, dise\u00f1ada para talleres de carrocer\u00eda, que ofrece velocidad de uso y precisi\u00f3n para sus aplicaciones de remoci\u00f3n de material pesado como la remoci\u00f3n de pintura, el alisado y la remoci\u00f3n de \u00f3xido en \u00e1reas de dif\u00edcil acceso.<\/p>\n<p>***ENTREGA INMEDIATA. FACTURAMOS TU COMPRA***<\/p>\n<p>Dise\u00f1ada para aplicaciones de talleres de carrocer\u00eda como la remoci\u00f3n de material pesado, la serie de lijadoras giratorias CP9778 de 5&#8243; (125 mm) ofrece eficiencia con su potencia de 0,5 hp (375 W) y compacidad con su longitud de 10,5&#8243; (297 mm).<br \/>\nDi\u00e1metro m\u00edn. de manguera (16 pies de longitud de manguera) 0.38 in<br \/>\nPotencia m\u00e1x. 370 W<br \/>\nPeso 1 kg<br \/>\nLongitud (L) 297 mm<br \/>\nConsumo de aire a velocidad libre 9.9 l\/s<br \/>\nTipo de material principal Aluminio<br \/>\nTama\u00f1o de la almohadilla abrasiva circular (pulg.) 125<br \/>\nDi\u00e1metro m\u00edn. de manguera (5 m de longitud de manguera) 10 mm<br \/>\nPresi\u00f3n m\u00e1x. de trabajo de aire din\u00e1mico 6.3 bar<br \/>\nApagado por exceso de velocidad No<br \/>\nEntrada rotativa No<br \/>\nSistema de arranque Gatillo<br \/>\nTipo de rosca de entrada de aire NPT<br \/>\nRosca del eje de salida 7\/16-20 UNF<br \/>\nTama\u00f1o de la rosca de entrada de aire (pulg) 1\/4<br \/>\nConsumo de aire en carga 12 l\/s<br \/>\nVelocidad libre 14000 rpm<br \/>\nUni\u00f3n de almohadilla abrasiva H&amp;L<\/p>\n","protected":false},"excerpt":{"rendered":"<p>\u2022 Ideal para operaciones de mantenimiento<br \/>\n\u2022 Motor de baja vibraci\u00f3n<br \/>\n\u2022 Regulador ajustable<\/p>\n","protected":false},"featured_media":171,"comment_status":"open","ping_status":"closed","template":"","meta":[],"product_cat":[24,25],"product_tag":[],"class_list":{"0":"post-170","1":"product","2":"type-product","3":"status-publish","4":"has-post-thumbnail","6":"product_cat-herramientas","7":"product_cat-neumaticas","9":"first","10":"outofstock","11":"purchasable","12":"product-type-simple","13":"add-to-wishlist-after_add_to_cart"},"_links":{"self":[{"href":"https:\/\/www.syrisolutions.com\/shop\/wp-json\/wp\/v2\/product\/170","targetHints":{"allow":["GET"]}}],"collection":[{"href":"https:\/\/www.syrisolutions.com\/shop\/wp-json\/wp\/v2\/product"}],"about":[{"href":"https:\/\/www.syrisolutions.com\/shop\/wp-json\/wp\/v2\/types\/product"}],"replies":[{"embeddable":true,"href":"https:\/\/www.syrisolutions.com\/shop\/wp-json\/wp\/v2\/comments?post=170"}],"wp:featuredmedia":[{"embeddable":true,"href":"https:\/\/www.syrisolutions.com\/shop\/wp-json\/wp\/v2\/media\/171"}],"wp:attachment":[{"href":"https:\/\/www.syrisolutions.com\/shop\/wp-json\/wp\/v2\/media?parent=170"}],"wp:term":[{"taxonomy":"product_cat","embeddable":true,"href":"https:\/\/www.syrisolutions.com\/shop\/wp-json\/wp\/v2\/product_cat?post=170"},{"taxonomy":"product_tag","embeddable":true,"href":"https:\/\/www.syrisolutions.com\/shop\/wp-json\/wp\/v2\/product_tag?post=170"}],"curies":[{"name":"wp","href":"https:\/\/api.w.org\/{rel}","templated":true}]}}