{"id":172,"date":"2024-08-29T17:27:05","date_gmt":"2024-08-29T23:27:05","guid":{"rendered":"https:\/\/www.syrisolutions.com\/shop\/?post_type=product&#038;p=172"},"modified":"2024-09-03T15:34:15","modified_gmt":"2024-09-03T21:34:15","slug":"escariador-neumatico-cp7120-chicago-pneumatic","status":"publish","type":"product","link":"https:\/\/www.syrisolutions.com\/shop\/product\/escariador-neumatico-cp7120-chicago-pneumatic\/","title":{"rendered":"Escariador Neum\u00e1tico. CP7120. Chicago Pneumatic."},"content":{"rendered":"<p>Dise\u00f1ado para aplicaciones de mantenimiento general o talleres de carrocer\u00eda, como eliminaci\u00f3n de \u00f3xido, limpieza de superficies o limpieza de tambores de ruedas, la serie CP7120 ofrece una gran versatilidad con su capacidad de conversi\u00f3n de un raspador de agujas a un martillo picador.<\/p>\n<p>***ENTREGA INMEDIATA. FACTURAMOS TU COMPRA***<\/p>\n<p>Se convierte f\u00e1cilmente en un martillo picador<br \/>\nSoluci\u00f3n duradera y econ\u00f3mica<br \/>\nRetenedor de cincel de cambio r\u00e1pido<br \/>\nManguito ajustable, agujas de acero de 19 x 1\/8&#8243; (3 mm) y cincel de 1,37&#8243; (35 mm) de ancho con alta resistencia al desgaste<\/p>\n<p>Di\u00e1metro m\u00edn. de manguera (5 m de longitud de manguera) 10 mm<br \/>\nCapacidad de aguja 19&#215;1\/8 (3)<br \/>\nTama\u00f1o de la rosca de entrada de aire (pulg) 1\/4<br \/>\nLongitud (L) 457 mm<br \/>\nConsumo de aire en carga 7.4 l\/s<br \/>\nGolpe por minuto 4800<br \/>\nPresi\u00f3n m\u00e1x. de trabajo de aire din\u00e1mico 6.3 bar<br \/>\nDi\u00e1metro de calibre 25 mm<br \/>\nVibraci\u00f3n 11.4 m\/s\u00b2<br \/>\nSistema de arranque Palanca<br \/>\nPeso 2.8 kg<br \/>\nCarrera 28.4 mm<br \/>\nDi\u00e1metro de v\u00e1stago de cincel (pulg.) 1\/2<br \/>\nV\u00e1stago de cincel Cuadrado<\/p>\n","protected":false},"excerpt":{"rendered":"<p>Esta es la herramienta fiable para todas las necesidades de preparaci\u00f3n de la superficie que implican la limpieza o eliminaci\u00f3n de pintura, \u00f3xido, suciedad o escoria de soldadura. La herramienta puede convertir f\u00e1cilmente de un escalador de aguja a un martillo de astillado de flujo de soldadura.<\/p>\n","protected":false},"featured_media":173,"comment_status":"open","ping_status":"closed","template":"","meta":[],"product_cat":[24,25],"product_tag":[],"class_list":{"0":"post-172","1":"product","2":"type-product","3":"status-publish","4":"has-post-thumbnail","6":"product_cat-herramientas","7":"product_cat-neumaticas","9":"first","10":"instock","11":"purchasable","12":"product-type-simple","13":"add-to-wishlist-after_add_to_cart"},"_links":{"self":[{"href":"https:\/\/www.syrisolutions.com\/shop\/wp-json\/wp\/v2\/product\/172","targetHints":{"allow":["GET"]}}],"collection":[{"href":"https:\/\/www.syrisolutions.com\/shop\/wp-json\/wp\/v2\/product"}],"about":[{"href":"https:\/\/www.syrisolutions.com\/shop\/wp-json\/wp\/v2\/types\/product"}],"replies":[{"embeddable":true,"href":"https:\/\/www.syrisolutions.com\/shop\/wp-json\/wp\/v2\/comments?post=172"}],"wp:featuredmedia":[{"embeddable":true,"href":"https:\/\/www.syrisolutions.com\/shop\/wp-json\/wp\/v2\/media\/173"}],"wp:attachment":[{"href":"https:\/\/www.syrisolutions.com\/shop\/wp-json\/wp\/v2\/media?parent=172"}],"wp:term":[{"taxonomy":"product_cat","embeddable":true,"href":"https:\/\/www.syrisolutions.com\/shop\/wp-json\/wp\/v2\/product_cat?post=172"},{"taxonomy":"product_tag","embeddable":true,"href":"https:\/\/www.syrisolutions.com\/shop\/wp-json\/wp\/v2\/product_tag?post=172"}],"curies":[{"name":"wp","href":"https:\/\/api.w.org\/{rel}","templated":true}]}}