{"id":176,"date":"2024-08-30T20:07:34","date_gmt":"2024-08-31T02:07:34","guid":{"rendered":"https:\/\/www.syrisolutions.com\/shop\/?post_type=product&#038;p=176"},"modified":"2024-09-03T15:33:38","modified_gmt":"2024-09-03T21:33:38","slug":"sierra-neumatica-cp7901k-chicago-pneumatic","status":"publish","type":"product","link":"https:\/\/www.syrisolutions.com\/shop\/product\/sierra-neumatica-cp7901k-chicago-pneumatic\/","title":{"rendered":"Sierra Neum\u00e1tica CP7901K. Chicago Pneumatic"},"content":{"rendered":"<p>Sierra neum\u00e1tica para taller de carrocer\u00eda automotriz y mejoras para el hogar, herramienta de corte de tuber\u00edas, para fibra de vidrio, carpinter\u00eda, construcci\u00f3n, demolici\u00f3n, etc.<br \/>\n10.000 trazos por minuto te permiten cortar r\u00e1pidamente el material con facilidad<br \/>\nBloqueo del acelerador para protecci\u00f3n contra arranques accidentales<br \/>\nLa gu\u00eda ajustable ofrece flexibilidad en la profundidad de corte<br \/>\nDise\u00f1o ergon\u00f3mico para mayor comodidad y f\u00e1cil manejo<br \/>\nIncluye entrada de aire giratoria de 360\u00b0<br \/>\nCon ella podr\u00e1 cortar muchos materiales como metal, pl\u00e1stico, etc.<\/p>\n<p>***ENTREGA INMEDIATA. FACTURAMOS TU COMPRA***<\/p>\n<p>Longitud (L:) 229 mm<br \/>\nPeso: 0.86 kg<br \/>\nDi\u00e1metro m\u00edn. de manguera (5 m de longitud de manguera): 10 mm<br \/>\nCarrera por minuto: 10000 trazos<br \/>\nTama\u00f1o de la rosca de entrada de aire (pulg): 1\/4<br \/>\nConsumo de aire en carga: 2.6 l\/s<\/p>\n","protected":false},"excerpt":{"rendered":"<ul class=\"a-unordered-list a-vertical a-spacing-mini\">\n<li class=\"a-spacing-mini\"><span class=\"a-list-item\">10.000 trazos por minuto te permiten cortar r\u00e1pidamente el material con facilidad<\/span><\/li>\n<li class=\"a-spacing-mini\"><span class=\"a-list-item\">Bloqueo del acelerador para protecci\u00f3n contra arranques accidentales<\/span><\/li>\n<li class=\"a-spacing-mini\"><span class=\"a-list-item\">La gu\u00eda ajustable ofrece flexibilidad en la profundidad de corte<\/span><\/li>\n<li class=\"a-spacing-mini\"><span class=\"a-list-item\">Dise\u00f1o ergon\u00f3mico para mayor comodidad y f\u00e1cil manejo<\/span><\/li>\n<li class=\"a-spacing-mini\"><span class=\"a-list-item\">Incluye entrada de aire giratoria de 360\u00b0<\/span><\/li>\n<\/ul>\n","protected":false},"featured_media":177,"comment_status":"open","ping_status":"closed","template":"","meta":[],"product_cat":[24,25],"product_tag":[],"class_list":{"0":"post-176","1":"product","2":"type-product","3":"status-publish","4":"has-post-thumbnail","6":"product_cat-herramientas","7":"product_cat-neumaticas","9":"first","10":"instock","11":"purchasable","12":"product-type-simple","13":"add-to-wishlist-after_add_to_cart"},"_links":{"self":[{"href":"https:\/\/www.syrisolutions.com\/shop\/wp-json\/wp\/v2\/product\/176","targetHints":{"allow":["GET"]}}],"collection":[{"href":"https:\/\/www.syrisolutions.com\/shop\/wp-json\/wp\/v2\/product"}],"about":[{"href":"https:\/\/www.syrisolutions.com\/shop\/wp-json\/wp\/v2\/types\/product"}],"replies":[{"embeddable":true,"href":"https:\/\/www.syrisolutions.com\/shop\/wp-json\/wp\/v2\/comments?post=176"}],"wp:featuredmedia":[{"embeddable":true,"href":"https:\/\/www.syrisolutions.com\/shop\/wp-json\/wp\/v2\/media\/177"}],"wp:attachment":[{"href":"https:\/\/www.syrisolutions.com\/shop\/wp-json\/wp\/v2\/media?parent=176"}],"wp:term":[{"taxonomy":"product_cat","embeddable":true,"href":"https:\/\/www.syrisolutions.com\/shop\/wp-json\/wp\/v2\/product_cat?post=176"},{"taxonomy":"product_tag","embeddable":true,"href":"https:\/\/www.syrisolutions.com\/shop\/wp-json\/wp\/v2\/product_tag?post=176"}],"curies":[{"name":"wp","href":"https:\/\/api.w.org\/{rel}","templated":true}]}}