{"id":181,"date":"2024-08-31T18:13:07","date_gmt":"2024-09-01T00:13:07","guid":{"rendered":"https:\/\/www.syrisolutions.com\/shop\/?post_type=product&#038;p=181"},"modified":"2024-09-03T15:30:22","modified_gmt":"2024-09-03T21:30:22","slug":"pulidora-neumatica-1-4-cp876-chicago-pneumatic","status":"publish","type":"product","link":"https:\/\/www.syrisolutions.com\/shop\/product\/pulidora-neumatica-1-4-cp876-chicago-pneumatic\/","title":{"rendered":"Pulidora Neum\u00e1tica 1\/4&#8243;. CP876. Chicago Pneumatic"},"content":{"rendered":"<p>Con regulador neum\u00e1tico integrado con una potencia de 0,3 hp (220 W). Es una herramienta muy compacta y liviana que garantiza una maniobrabilidad extrema en aplicaciones de alta velocidad.<\/p>\n<ul>\n<li>Herramienta compacta y liviana dise\u00f1ada para una f\u00e1cil maniobrabilidad e ideal para aplicaciones de espacio limitado<\/li>\n<li>Escape delantero para mayor comodidad<\/li>\n<li>Regulador de aire incorporado<\/li>\n<li>Incluye pinzas de 1\/4&#8243; y 6\u00a0mm<\/li>\n<\/ul>\n<p>***ENTREGA INMEDIATA. FACTURAMOS TU COMPRA***<\/p>\n<p>Escape Frontal<br \/>\nPotencia m\u00e1x. 220 W<br \/>\nPresi\u00f3n m\u00e1x. de trabajo de aire din\u00e1mico 6.3 bar<br \/>\nDi\u00e1metro m\u00edn. de manguera (5 m de longitud de manguera) 10 mm<br \/>\nTipo de material principal Aluminio, Compuesto<br \/>\nConsumo de aire a velocidad libre 11 l\/s<br \/>\nPeso 0.34 kg<br \/>\nLongitud (L) 121 mm<br \/>\nVelocidad libre 30000 rpm<br \/>\nTama\u00f1o de la rosca de entrada de aire (pulg) 1\/4<br \/>\nConsumo de aire en carga 11 l\/s<br \/>\nTipo \u00e1ngulo 90 grados<br \/>\nBloqueo del eje No<br \/>\nSistema de arranque Palanca de seguridad<br \/>\nEntrada rotativa No<br \/>\nTipo de rosca de entrada de aire NPT<br \/>\nCapacidad m\u00e1x. de pinza 1\/4 (6.4mm)<\/p>\n","protected":false},"excerpt":{"rendered":"<p>Para los operadores que trabajan en el mantenimiento general y especialmente en espacios reducidos que buscan una herramienta compacta, la CP876 es la herramienta que necesita.<\/p>\n","protected":false},"featured_media":182,"comment_status":"open","ping_status":"closed","template":"","meta":[],"product_cat":[24,25],"product_tag":[],"class_list":{"0":"post-181","1":"product","2":"type-product","3":"status-publish","4":"has-post-thumbnail","6":"product_cat-herramientas","7":"product_cat-neumaticas","9":"first","10":"instock","11":"purchasable","12":"product-type-simple","13":"add-to-wishlist-after_add_to_cart"},"_links":{"self":[{"href":"https:\/\/www.syrisolutions.com\/shop\/wp-json\/wp\/v2\/product\/181","targetHints":{"allow":["GET"]}}],"collection":[{"href":"https:\/\/www.syrisolutions.com\/shop\/wp-json\/wp\/v2\/product"}],"about":[{"href":"https:\/\/www.syrisolutions.com\/shop\/wp-json\/wp\/v2\/types\/product"}],"replies":[{"embeddable":true,"href":"https:\/\/www.syrisolutions.com\/shop\/wp-json\/wp\/v2\/comments?post=181"}],"wp:featuredmedia":[{"embeddable":true,"href":"https:\/\/www.syrisolutions.com\/shop\/wp-json\/wp\/v2\/media\/182"}],"wp:attachment":[{"href":"https:\/\/www.syrisolutions.com\/shop\/wp-json\/wp\/v2\/media?parent=181"}],"wp:term":[{"taxonomy":"product_cat","embeddable":true,"href":"https:\/\/www.syrisolutions.com\/shop\/wp-json\/wp\/v2\/product_cat?post=181"},{"taxonomy":"product_tag","embeddable":true,"href":"https:\/\/www.syrisolutions.com\/shop\/wp-json\/wp\/v2\/product_tag?post=181"}],"curies":[{"name":"wp","href":"https:\/\/api.w.org\/{rel}","templated":true}]}}