{"id":183,"date":"2024-08-31T18:18:35","date_gmt":"2024-09-01T00:18:35","guid":{"rendered":"https:\/\/www.syrisolutions.com\/shop\/?post_type=product&#038;p=183"},"modified":"2024-09-03T15:29:21","modified_gmt":"2024-09-03T21:29:21","slug":"pistola-neumatica-de-impacto-1-2-cp7755-chicago-pneumatic","status":"publish","type":"product","link":"https:\/\/www.syrisolutions.com\/shop\/product\/pistola-neumatica-de-impacto-1-2-cp7755-chicago-pneumatic\/","title":{"rendered":"Pistola Neum\u00e1tica De Impacto 1\/2&#8243; CP7755. Chicago Pneumatic."},"content":{"rendered":"<p>Ofrece control de potencia ajustable para herramientas neum\u00e1ticas (11 configuraciones en avance) y permite a los operadores elegir el torque seg\u00fan la aplicaci\u00f3n. Debido a su mini entrada de aire patentada Air Flex, esta llave de impacto de 1\/2\u201d permite la maniobrabilidad necesaria para cualquier aplicaci\u00f3n.<\/p>\n<p>Sistema de arranque Gatillo<br \/>\nPresi\u00f3n m\u00e1x. de trabajo de aire din\u00e1mico 6.3 bar<br \/>\nTipo de ret\u00e9n de salida Anillo de fricci\u00f3n<br \/>\nTipo de mango Pistola<br \/>\nTorque m\u00e1ximo inverso 1300 Nm<br \/>\nTipo de accionamiento de salida Sq<br \/>\nPotencia de sonido 105 dB(A)<br \/>\nPresi\u00f3n de sonido 94 dB(A)<br \/>\nLongitud (L) 169 mm<br \/>\nPeso 1.85 kg<br \/>\nDi\u00e1metro m\u00edn. de manguera (16 pies de longitud de manguera) 0.38 in<br \/>\nMecanismo de impacto Twin hammer<br \/>\nTorque de trabajo m\u00e1ximo de avance 575 Nm<br \/>\nTorque de trabajo m\u00ednimo de avance 80 Nm<br \/>\nVelocidad libre 7700 rpm<br \/>\nTorque limitado No<br \/>\nTama\u00f1o de la unidad de salida (pulg) 1\/2<br \/>\nGolpe por minuto 1200<br \/>\nCuerpo Compuesto<br \/>\nTama\u00f1o de la rosca de entrada de aire (pulg) 1\/4<\/p>\n","protected":false},"excerpt":{"rendered":"<p>Con \u00e9sta herramienta tienes un control de potencia completo. Totalmente ergon\u00f3mica y con un peso incre\u00edble comparado con la fuerza que desarolla.<\/p>\n","protected":false},"featured_media":185,"comment_status":"open","ping_status":"closed","template":"","meta":[],"product_cat":[24,25],"product_tag":[],"class_list":{"0":"post-183","1":"product","2":"type-product","3":"status-publish","4":"has-post-thumbnail","6":"product_cat-herramientas","7":"product_cat-neumaticas","9":"first","10":"instock","11":"purchasable","12":"product-type-simple","13":"add-to-wishlist-after_add_to_cart"},"_links":{"self":[{"href":"https:\/\/www.syrisolutions.com\/shop\/wp-json\/wp\/v2\/product\/183","targetHints":{"allow":["GET"]}}],"collection":[{"href":"https:\/\/www.syrisolutions.com\/shop\/wp-json\/wp\/v2\/product"}],"about":[{"href":"https:\/\/www.syrisolutions.com\/shop\/wp-json\/wp\/v2\/types\/product"}],"replies":[{"embeddable":true,"href":"https:\/\/www.syrisolutions.com\/shop\/wp-json\/wp\/v2\/comments?post=183"}],"wp:featuredmedia":[{"embeddable":true,"href":"https:\/\/www.syrisolutions.com\/shop\/wp-json\/wp\/v2\/media\/185"}],"wp:attachment":[{"href":"https:\/\/www.syrisolutions.com\/shop\/wp-json\/wp\/v2\/media?parent=183"}],"wp:term":[{"taxonomy":"product_cat","embeddable":true,"href":"https:\/\/www.syrisolutions.com\/shop\/wp-json\/wp\/v2\/product_cat?post=183"},{"taxonomy":"product_tag","embeddable":true,"href":"https:\/\/www.syrisolutions.com\/shop\/wp-json\/wp\/v2\/product_tag?post=183"}],"curies":[{"name":"wp","href":"https:\/\/api.w.org\/{rel}","templated":true}]}}