{"id":187,"date":"2024-08-31T18:39:16","date_gmt":"2024-09-01T00:39:16","guid":{"rendered":"https:\/\/www.syrisolutions.com\/shop\/?post_type=product&#038;p=187"},"modified":"2024-09-03T15:28:39","modified_gmt":"2024-09-03T21:28:39","slug":"torquimetro-cp8910-3-8-20-100-nm-chicago-pneumatic","status":"publish","type":"product","link":"https:\/\/www.syrisolutions.com\/shop\/product\/torquimetro-cp8910-3-8-20-100-nm-chicago-pneumatic\/","title":{"rendered":"Torqu\u00edmetro. CP8910 3\/8&#8243; . 20-100 Nm. Chicago Pneumatic."},"content":{"rendered":"<p>Con un mecanismo de 54 dientes para incrementos de 6.6\u00b0 que garantizar la solidez de su mecanismo. Una se\u00f1al audible se activa cuando se alcanza el torque. Construido con un sistema de bloqueo y liberaci\u00f3n r\u00e1pida.<\/p>\n<p>***ENTREGA INMEDIATA. FACTURAMOS TU COMPRA***<\/p>\n<p>\u2022 Doble escala en in-lbs y Nm<br \/>\n\u2022 Se\u00f1al sensorial y auditiva al alcanzar el par ajustado<br \/>\n\u2022 Entregado con certificado de calibraci\u00f3n ISO 6789<br \/>\n\u2022 Precisi\u00f3n de \u00b14% seg\u00fan las especificaciones ISO 6789:2003<br \/>\n\u2022 Repetibilidad confiable por hasta 25000 ciclos<br \/>\n\u2022 Nuevo dise\u00f1o fabricado en aluminio negro resistente a los qu\u00edmicos de taller<br \/>\n\u2022 Escala fina de graduaci\u00f3n<\/p>\n","protected":false},"excerpt":{"rendered":"<p>\u2022 Precisi\u00f3n: 4% seg\u00fan las especificaciones EN ISO 6789.<br \/>\n\u2022 Altamente durable: fiabilidad del mecanismo hasta 25000 ciclos.<br \/>\n\u2022 Cabeza de matraca con 54 dientes y liberaci\u00f3n r\u00e1pida.<br \/>\n\u2022 Mango de aluminio negro resistente a productos qu\u00edmicos comunes en talleres.<\/p>\n","protected":false},"featured_media":189,"comment_status":"open","ping_status":"closed","template":"","meta":[],"product_cat":[24,25],"product_tag":[],"class_list":{"0":"post-187","1":"product","2":"type-product","3":"status-publish","4":"has-post-thumbnail","6":"product_cat-herramientas","7":"product_cat-neumaticas","9":"first","10":"instock","11":"purchasable","12":"product-type-simple","13":"add-to-wishlist-after_add_to_cart"},"_links":{"self":[{"href":"https:\/\/www.syrisolutions.com\/shop\/wp-json\/wp\/v2\/product\/187","targetHints":{"allow":["GET"]}}],"collection":[{"href":"https:\/\/www.syrisolutions.com\/shop\/wp-json\/wp\/v2\/product"}],"about":[{"href":"https:\/\/www.syrisolutions.com\/shop\/wp-json\/wp\/v2\/types\/product"}],"replies":[{"embeddable":true,"href":"https:\/\/www.syrisolutions.com\/shop\/wp-json\/wp\/v2\/comments?post=187"}],"wp:featuredmedia":[{"embeddable":true,"href":"https:\/\/www.syrisolutions.com\/shop\/wp-json\/wp\/v2\/media\/189"}],"wp:attachment":[{"href":"https:\/\/www.syrisolutions.com\/shop\/wp-json\/wp\/v2\/media?parent=187"}],"wp:term":[{"taxonomy":"product_cat","embeddable":true,"href":"https:\/\/www.syrisolutions.com\/shop\/wp-json\/wp\/v2\/product_cat?post=187"},{"taxonomy":"product_tag","embeddable":true,"href":"https:\/\/www.syrisolutions.com\/shop\/wp-json\/wp\/v2\/product_tag?post=187"}],"curies":[{"name":"wp","href":"https:\/\/api.w.org\/{rel}","templated":true}]}}