{"id":190,"date":"2024-08-31T18:45:52","date_gmt":"2024-09-01T00:45:52","guid":{"rendered":"https:\/\/www.syrisolutions.com\/shop\/?post_type=product&#038;p=190"},"modified":"2024-09-03T15:58:26","modified_gmt":"2024-09-03T21:58:26","slug":"cp7405-herramienta-neumatica-1-4-6mm-chicago-pneumatic","status":"publish","type":"product","link":"https:\/\/www.syrisolutions.com\/shop\/product\/cp7405-herramienta-neumatica-1-4-6mm-chicago-pneumatic\/","title":{"rendered":"Herramienta Neum\u00e1tica. 1\/4&#8243; (6mm). CP7405. Chicago Pneumatic."},"content":{"rendered":"<p>Con f\u00e1cil intercambio de fresas mediante solo una llave.<br \/>\nMuy buen agarre gracias al material y el dise\u00f1o ergon\u00f3mico del mango.<br \/>\nNo se calienta tanto debido al material del que est\u00e1 hecho el cual impide que el calor del motor se transfiera totalmente a la carcaza de la herramienta.<br \/>\nCon un peso de 0.500 Kg, una velocidad libre de 28000 RPM y un broquero de 1\/4&#8243; es la herramienta ideal para trabajos en soldadura, carpinter\u00eda, automotriz, etc.<\/p>\n<p>Peso 0.5 kg<br \/>\nPresi\u00f3n m\u00e1x. de trabajo de aire din\u00e1mico 6.3 bar<br \/>\nVelocidad libre 28000 rpm<br \/>\nLongitud (L) 176 mm<br \/>\nCapacidad m\u00e1x. de pinza 1\/4 (6.4mm)<br \/>\nConsumo de aire a velocidad libre 1.3 l\/s<br \/>\nTipo de rosca de entrada de aire NPT<br \/>\nEntrada rotativa No<br \/>\nSistema de arranque Safety lever<br \/>\nPotencia m\u00e1x. 250 W<br \/>\nBloqueo del eje S\u00ed<\/p>\n","protected":false},"excerpt":{"rendered":"<p>\u2022 Boquilla de 1\/4&#8243;<br \/>\n\u2022\u00a0\u00danico sistema de cambio r\u00e1pido con una sola mano<br \/>\n\u2022\u00a0Husillo con mecanismo de seguro<br \/>\n\u2022\u00a0Cuerpos ahulados anti derrapante<br \/>\n\u2022\u00a0Alta dispersi\u00f3n del calor en el cuerpo<br \/>\n\u2022 Gran variedad de modelos<\/p>\n","protected":false},"featured_media":192,"comment_status":"open","ping_status":"closed","template":"","meta":[],"product_cat":[24,25],"product_tag":[],"class_list":{"0":"post-190","1":"product","2":"type-product","3":"status-publish","4":"has-post-thumbnail","6":"product_cat-herramientas","7":"product_cat-neumaticas","9":"first","10":"instock","11":"purchasable","12":"product-type-simple","13":"add-to-wishlist-after_add_to_cart"},"_links":{"self":[{"href":"https:\/\/www.syrisolutions.com\/shop\/wp-json\/wp\/v2\/product\/190","targetHints":{"allow":["GET"]}}],"collection":[{"href":"https:\/\/www.syrisolutions.com\/shop\/wp-json\/wp\/v2\/product"}],"about":[{"href":"https:\/\/www.syrisolutions.com\/shop\/wp-json\/wp\/v2\/types\/product"}],"replies":[{"embeddable":true,"href":"https:\/\/www.syrisolutions.com\/shop\/wp-json\/wp\/v2\/comments?post=190"}],"wp:featuredmedia":[{"embeddable":true,"href":"https:\/\/www.syrisolutions.com\/shop\/wp-json\/wp\/v2\/media\/192"}],"wp:attachment":[{"href":"https:\/\/www.syrisolutions.com\/shop\/wp-json\/wp\/v2\/media?parent=190"}],"wp:term":[{"taxonomy":"product_cat","embeddable":true,"href":"https:\/\/www.syrisolutions.com\/shop\/wp-json\/wp\/v2\/product_cat?post=190"},{"taxonomy":"product_tag","embeddable":true,"href":"https:\/\/www.syrisolutions.com\/shop\/wp-json\/wp\/v2\/product_tag?post=190"}],"curies":[{"name":"wp","href":"https:\/\/api.w.org\/{rel}","templated":true}]}}