{"id":193,"date":"2024-08-31T18:58:20","date_gmt":"2024-09-01T00:58:20","guid":{"rendered":"https:\/\/www.syrisolutions.com\/shop\/?post_type=product&#038;p=193"},"modified":"2025-10-30T09:01:00","modified_gmt":"2025-10-30T15:01:00","slug":"pulidora-neumatica-1-4-cp875-chicago-pneumatic","status":"publish","type":"product","link":"https:\/\/www.syrisolutions.com\/shop\/product\/pulidora-neumatica-1-4-cp875-chicago-pneumatic\/","title":{"rendered":"Pulidora Neum\u00e1tica 1\/4&#8243; . CP875. Chicago Pneumatic."},"content":{"rendered":"<p>Dise\u00f1ada para mantenimiento general en espacios limitados. Tiene un regulador neum\u00e1tico integrado con una potencia de 0,3 hp (220 W). Es una herramienta muy compacta y liviana que garantiza una maniobrabilidad extrema en aplicaciones de pulido de alta velocidad.<br \/>\nEl cabezal angular de 90\u00b0 permite flexibilidad en \u00e1reas estrechas.<br \/>\nHerramienta compacta y liviana dise\u00f1ada para una f\u00e1cil maniobrabilidad.<br \/>\nRegulador de aire incorporado.<br \/>\nIncluye pinzas de 1\/4&#8243; y 6 mm.<br \/>\nDisponible como herramienta b\u00e1sica o como kit.<\/p>\n<p>***ENTREGA INMEDIATA. FACTURAMOS TU COMPRA***<\/p>\n<p>Potencia m\u00e1x. 220 W<br \/>\nEscape: Trasero<br \/>\nPresi\u00f3n m\u00e1x. de trabajo de aire din\u00e1mico: 6.3 bar<br \/>\nTipo de material principal: Aluminio, Compuesto.<br \/>\nConsumo de aire a velocidad libre: 10 l\/s<br \/>\nPeso 0.45 kg<br \/>\nLongitud (L) 124 mm<br \/>\nVelocidad libre 22500 rpm<br \/>\nTama\u00f1o de la rosca de entrada de aire (pulg) 1\/4<br \/>\nConsumo de aire en carga 10 l\/s<br \/>\nTipo \u00e1ngulo: 90\u00b0<br \/>\nBloqueo del eje: No<br \/>\nSistema de arranque: Palanca de seguridad<br \/>\nEntrada rotativa: No<br \/>\nTipo de rosca de entrada de aire: NPT<br \/>\nCapacidad m\u00e1x. de pinza: 1\/4 (6.4mm)<\/p>\n","protected":false},"excerpt":{"rendered":"<p>\u2022Boquilla de 1\/4&#8243;<br \/>\n\u2022Cabeza angular a 90\u00b0<br \/>\n\u2022Alta velocidad y eficiencia.<br \/>\n\u2022Regulador de velocidad ajustable.<br \/>\n\u2022Cuerpo robusto de Aluminio.<\/p>\n","protected":false},"featured_media":194,"comment_status":"open","ping_status":"closed","template":"","meta":[],"product_cat":[24,25],"product_tag":[],"class_list":{"0":"post-193","1":"product","2":"type-product","3":"status-publish","4":"has-post-thumbnail","6":"product_cat-herramientas","7":"product_cat-neumaticas","9":"first","10":"outofstock","11":"purchasable","12":"product-type-simple","13":"add-to-wishlist-after_add_to_cart"},"_links":{"self":[{"href":"https:\/\/www.syrisolutions.com\/shop\/wp-json\/wp\/v2\/product\/193","targetHints":{"allow":["GET"]}}],"collection":[{"href":"https:\/\/www.syrisolutions.com\/shop\/wp-json\/wp\/v2\/product"}],"about":[{"href":"https:\/\/www.syrisolutions.com\/shop\/wp-json\/wp\/v2\/types\/product"}],"replies":[{"embeddable":true,"href":"https:\/\/www.syrisolutions.com\/shop\/wp-json\/wp\/v2\/comments?post=193"}],"wp:featuredmedia":[{"embeddable":true,"href":"https:\/\/www.syrisolutions.com\/shop\/wp-json\/wp\/v2\/media\/194"}],"wp:attachment":[{"href":"https:\/\/www.syrisolutions.com\/shop\/wp-json\/wp\/v2\/media?parent=193"}],"wp:term":[{"taxonomy":"product_cat","embeddable":true,"href":"https:\/\/www.syrisolutions.com\/shop\/wp-json\/wp\/v2\/product_cat?post=193"},{"taxonomy":"product_tag","embeddable":true,"href":"https:\/\/www.syrisolutions.com\/shop\/wp-json\/wp\/v2\/product_tag?post=193"}],"curies":[{"name":"wp","href":"https:\/\/api.w.org\/{rel}","templated":true}]}}