{"id":201,"date":"2024-09-03T12:25:22","date_gmt":"2024-09-03T18:25:22","guid":{"rendered":"https:\/\/www.syrisolutions.com\/shop\/?post_type=product&#038;p=201"},"modified":"2025-10-30T08:41:34","modified_gmt":"2025-10-30T14:41:34","slug":"pistola-de-impacto-de-1-2-cp7748-chicago-pneumatic","status":"publish","type":"product","link":"https:\/\/www.syrisolutions.com\/shop\/product\/pistola-de-impacto-de-1-2-cp7748-chicago-pneumatic\/","title":{"rendered":"Pistola De Impacto De 1\/2&#8243;. CP7748. Chicago Pneumatic"},"content":{"rendered":"<p>La m\u00e1s poderosa herramienta en el mercado en su clase: 922 ft lbs de m\u00e1ximo torque real en reversa. Mejor precio en relaci\u00f3n desempe\u00f1o\/durabilidad. Ligera por su carcasa hecha de material compuesto.<br \/>\nMango delineado para un agarre c\u00f3modo. Interruptor suave para Avance\/Reversa. \u00datil para todas las aplicaciones de mantenimiento general, automotriz y aplicaciones de mantenimiento MRO.<br \/>\nLlave de impacto de 1\/2\u201d. Avance y reversa con una mano. Potencia total en reversa: 922 ft lb m\u00e1ximo de torque real. 3 posiciones de avance: Bajo, 180 ft lbs. Medio, 480 ft lbs. Alto, 730 ft lbs. Embrague y carcasa trasera de aluminio. Gatillo curvo ergon\u00f3mico. Resistente a la mayor\u00eda de los qu\u00edmicos usados en los talleres. Martillo de mecanismo doble. Entrada de aires con giro de 360 grados. Carcasa de material compuesto.<\/p>\n<p>Altura: 200 mm<br \/>\nAncho: 78 mm<br \/>\nConsumo de aire real: 12 l\/s 25 cfm<br \/>\nConsumo promedio de aire: 3 l\/s 6.2 cfm<br \/>\nGolpes por minuto: 1350<br \/>\nLongitud: 175 mm 6.89 &#8221;<br \/>\nMaximo Torque (en reversa): 1300 Nm 960 ft.lbs<br \/>\nMin. Di\u00e1metro de la manguera: 10 mm 3\/8 &#8221;<br \/>\nPeso neto: 2 kg 4.4 lb<br \/>\nRango del trabajo de torque (fwd): 95 &#8211; 750 Nm 70 &#8211; 555 ft.lbs<br \/>\nSocket retenedor: Anillo de fricci\u00f3n<br \/>\nTama\u00f1o de la rosca de entrada de aire: 1\/4 &#8221;<br \/>\nTipo de embrague: Twin Hammer<br \/>\nTipo de mango: Pistola<br \/>\nUnidad de cuadro: 1\/2 &#8221;<br \/>\nVelocidad libre: 7000 rpm<\/p>\n","protected":false},"excerpt":{"rendered":"<p>Garantiza un atornillado y desatornillado eficiente al cambiar ruedas y neum\u00e1ticos en veh\u00edculos ligeros.<\/p>\n[embed]https:\/\/www.youtube.com\/watch?v=5wpFgNYFWb4[\/embed]\n","protected":false},"featured_media":204,"comment_status":"open","ping_status":"closed","template":"","meta":[],"product_cat":[24,25],"product_tag":[],"class_list":{"0":"post-201","1":"product","2":"type-product","3":"status-publish","4":"has-post-thumbnail","6":"product_cat-herramientas","7":"product_cat-neumaticas","9":"first","10":"outofstock","11":"purchasable","12":"product-type-simple","13":"add-to-wishlist-after_add_to_cart"},"_links":{"self":[{"href":"https:\/\/www.syrisolutions.com\/shop\/wp-json\/wp\/v2\/product\/201","targetHints":{"allow":["GET"]}}],"collection":[{"href":"https:\/\/www.syrisolutions.com\/shop\/wp-json\/wp\/v2\/product"}],"about":[{"href":"https:\/\/www.syrisolutions.com\/shop\/wp-json\/wp\/v2\/types\/product"}],"replies":[{"embeddable":true,"href":"https:\/\/www.syrisolutions.com\/shop\/wp-json\/wp\/v2\/comments?post=201"}],"wp:featuredmedia":[{"embeddable":true,"href":"https:\/\/www.syrisolutions.com\/shop\/wp-json\/wp\/v2\/media\/204"}],"wp:attachment":[{"href":"https:\/\/www.syrisolutions.com\/shop\/wp-json\/wp\/v2\/media?parent=201"}],"wp:term":[{"taxonomy":"product_cat","embeddable":true,"href":"https:\/\/www.syrisolutions.com\/shop\/wp-json\/wp\/v2\/product_cat?post=201"},{"taxonomy":"product_tag","embeddable":true,"href":"https:\/\/www.syrisolutions.com\/shop\/wp-json\/wp\/v2\/product_tag?post=201"}],"curies":[{"name":"wp","href":"https:\/\/api.w.org\/{rel}","templated":true}]}}