{"id":205,"date":"2024-09-03T12:41:09","date_gmt":"2024-09-03T18:41:09","guid":{"rendered":"https:\/\/www.syrisolutions.com\/shop\/?post_type=product&#038;p=205"},"modified":"2024-09-03T12:41:09","modified_gmt":"2024-09-03T18:41:09","slug":"remachadora-neumatica-cp9882-chicago-pneumatic","status":"publish","type":"product","link":"https:\/\/www.syrisolutions.com\/shop\/product\/remachadora-neumatica-cp9882-chicago-pneumatic\/","title":{"rendered":"Remachadora Neum\u00e1tica. CP9882. Chicago Pneumatic."},"content":{"rendered":"<p>Dise\u00f1ada para talleres de carrocer\u00eda o aplicaciones de mantenimiento general como paneles de remolques y cualquier tipo de mantenimiento de paneles, la serie CP9882 ofrece facilidad de uso y confiabilidad. Esta remachadora neum\u00e1tica se puede utilizar con remaches de aluminio, cobre y materiales m\u00e1s blandos con una capacidad m\u00e1xima de 3\/16&#8243;.<\/p>\n<p>Capacidad m\u00e1xima de 3\/16&#8243; (4,8 mm) (para remaches en aluminio, cobre y materiales m\u00e1s blandos)<br \/>\nTracci\u00f3n pesada: hasta 2200 libras (1000 kg)<br \/>\nRecipiente transparente con orificios para soltar r\u00e1pidamente los extremos de los remaches<br \/>\nIncluye: boquillas para remaches de 3\/32&#8243;, 1\/8&#8243;, 5\/32&#8243; y 3\/16&#8243; (2,4, 3,2, 4 y 4,8 mm)<\/p>\n<p>Tipo de remache: Ciego<br \/>\nPeso: 1.5 kg<br \/>\nTama\u00f1o de la rosca de entrada de aire (pulg): 1\/4<br \/>\nTama\u00f1o m\u00e1ximo de remache (mm): 4.8<br \/>\nBoquilla entregada: 4<br \/>\nLongitud: 225 mm<br \/>\nConsumo de aire en carga: 1.9 l\/s<br \/>\nPresi\u00f3n de sonido: 73 dB(A)<br \/>\nTama\u00f1o m\u00e1ximo de remache (pulg): 3\/16<br \/>\nPresi\u00f3n m\u00e1x. de trabajo de aire din\u00e1mico: 6.3 bar<br \/>\nSistema de arranque: Palanca<br \/>\nDi\u00e1metro m\u00edn. de manguera (5 m de longitud de manguera): 10 mm<br \/>\nPotencia de sonido: 62 dB(A)<\/p>\n","protected":false},"excerpt":{"rendered":"<p>\u2022Ligera y compacta.<br \/>\n\u2022Para remaches en Aluminio, Cobre y metales blandos.<\/p>\n<div class=\"title\">Incluye:<\/div>\n<p>\u2022Boquillas de 3\/32&#8243;, 1\/8&#8243;, 5\/32&#8243; y 3\/16&#8243;<\/p>\n[embed]https:\/\/www.youtube.com\/watch?v=1r-TCmGtlNQ[\/embed]\n","protected":false},"featured_media":206,"comment_status":"open","ping_status":"closed","template":"","meta":[],"product_cat":[24,25],"product_tag":[],"class_list":{"0":"post-205","1":"product","2":"type-product","3":"status-publish","4":"has-post-thumbnail","6":"product_cat-herramientas","7":"product_cat-neumaticas","9":"first","10":"instock","11":"purchasable","12":"product-type-simple","13":"add-to-wishlist-after_add_to_cart"},"_links":{"self":[{"href":"https:\/\/www.syrisolutions.com\/shop\/wp-json\/wp\/v2\/product\/205","targetHints":{"allow":["GET"]}}],"collection":[{"href":"https:\/\/www.syrisolutions.com\/shop\/wp-json\/wp\/v2\/product"}],"about":[{"href":"https:\/\/www.syrisolutions.com\/shop\/wp-json\/wp\/v2\/types\/product"}],"replies":[{"embeddable":true,"href":"https:\/\/www.syrisolutions.com\/shop\/wp-json\/wp\/v2\/comments?post=205"}],"wp:featuredmedia":[{"embeddable":true,"href":"https:\/\/www.syrisolutions.com\/shop\/wp-json\/wp\/v2\/media\/206"}],"wp:attachment":[{"href":"https:\/\/www.syrisolutions.com\/shop\/wp-json\/wp\/v2\/media?parent=205"}],"wp:term":[{"taxonomy":"product_cat","embeddable":true,"href":"https:\/\/www.syrisolutions.com\/shop\/wp-json\/wp\/v2\/product_cat?post=205"},{"taxonomy":"product_tag","embeddable":true,"href":"https:\/\/www.syrisolutions.com\/shop\/wp-json\/wp\/v2\/product_tag?post=205"}],"curies":[{"name":"wp","href":"https:\/\/api.w.org\/{rel}","templated":true}]}}