{"id":207,"date":"2024-09-03T12:52:15","date_gmt":"2024-09-03T18:52:15","guid":{"rendered":"https:\/\/www.syrisolutions.com\/shop\/?post_type=product&#038;p=207"},"modified":"2025-10-29T16:21:21","modified_gmt":"2025-10-29T22:21:21","slug":"pulidor-de-neumaticos-cp873-chicago-pneumatic","status":"publish","type":"product","link":"https:\/\/www.syrisolutions.com\/shop\/product\/pulidor-de-neumaticos-cp873-chicago-pneumatic\/","title":{"rendered":"Pulidor De Neum\u00e1ticos. CP873. Chicago Pneumatic."},"content":{"rendered":"<p>Para los operadores que trabajan en talleres de reparaci\u00f3n de neum\u00e1ticos y buscan raspadoras de neum\u00e1ticos de baja velocidad, la serie CP873 es la raspadora de neum\u00e1ticos de baja velocidad que necesitan.<br \/>\nCon portabrocas hexagonal de cambio r\u00e1pido (11 mm), baja velocidad, 0,5 HP \/ 370 W &#8211; 2800 RPM<br \/>\nLa velocidad baja (2.800 rpm) eliminar\u00e1 f\u00e1cilmente el exceso de goma mientras no lo quema.<br \/>\nControl de velocidad ajustable<br \/>\nPalanca de bloqueo para evitar el arranque accidental<br \/>\nVelocidad en vac\u00edo: 2800 rpm<br \/>\nPotencia: 0.5 hp (372 W)<br \/>\nPeso neto: 2.25 lb (1.02 Kg)<br \/>\nLargo: 8.25&#8243;, 210 mm<br \/>\nPortapuntas: \/ disco 7\/16&#8243; hex 11 mm<br \/>\nConsumo medio de aire: 3.2 cfm 90.1 l\/min<br \/>\nConsumo actual de aire: 13 cfm 368 l\/min<br \/>\nRosca de entrada de aire: 1\/4&#8243; NPT<br \/>\nDi\u00e1metro m\u00ednimo de manguera: 3\/8&#8243; 10 mm<br \/>\nNivel de ruido: 88 db(A)<br \/>\nPresi\u00f3n de trabajo: 87 psi \/ 6.3 bar<\/p>\n","protected":false},"excerpt":{"rendered":"<p>&nbsp;<\/p>\n[embed]https:\/\/www.youtube.com\/watch?v=hUQYMIW3XDU[\/embed]\n","protected":false},"featured_media":208,"comment_status":"open","ping_status":"closed","template":"","meta":[],"product_cat":[24,25],"product_tag":[],"class_list":{"0":"post-207","1":"product","2":"type-product","3":"status-publish","4":"has-post-thumbnail","6":"product_cat-herramientas","7":"product_cat-neumaticas","9":"first","10":"instock","11":"purchasable","12":"product-type-simple","13":"add-to-wishlist-after_add_to_cart"},"_links":{"self":[{"href":"https:\/\/www.syrisolutions.com\/shop\/wp-json\/wp\/v2\/product\/207","targetHints":{"allow":["GET"]}}],"collection":[{"href":"https:\/\/www.syrisolutions.com\/shop\/wp-json\/wp\/v2\/product"}],"about":[{"href":"https:\/\/www.syrisolutions.com\/shop\/wp-json\/wp\/v2\/types\/product"}],"replies":[{"embeddable":true,"href":"https:\/\/www.syrisolutions.com\/shop\/wp-json\/wp\/v2\/comments?post=207"}],"wp:featuredmedia":[{"embeddable":true,"href":"https:\/\/www.syrisolutions.com\/shop\/wp-json\/wp\/v2\/media\/208"}],"wp:attachment":[{"href":"https:\/\/www.syrisolutions.com\/shop\/wp-json\/wp\/v2\/media?parent=207"}],"wp:term":[{"taxonomy":"product_cat","embeddable":true,"href":"https:\/\/www.syrisolutions.com\/shop\/wp-json\/wp\/v2\/product_cat?post=207"},{"taxonomy":"product_tag","embeddable":true,"href":"https:\/\/www.syrisolutions.com\/shop\/wp-json\/wp\/v2\/product_tag?post=207"}],"curies":[{"name":"wp","href":"https:\/\/api.w.org\/{rel}","templated":true}]}}