{"id":209,"date":"2024-09-03T13:02:37","date_gmt":"2024-09-03T19:02:37","guid":{"rendered":"https:\/\/www.syrisolutions.com\/shop\/?post_type=product&#038;p=209"},"modified":"2025-10-30T08:40:31","modified_gmt":"2025-10-30T14:40:31","slug":"taladro-neumatico-reversible-cp9790c-chicago-pneumatic","status":"publish","type":"product","link":"https:\/\/www.syrisolutions.com\/shop\/product\/taladro-neumatico-reversible-cp9790c-chicago-pneumatic\/","title":{"rendered":"Taladro Neum\u00e1tico Reversible. CP9790C. Chicago Pneumatic."},"content":{"rendered":"<p>Tipo pistola con agarre ergon\u00f3mico para aplicar presi\u00f3n y mantener en control durante el barrenado y apriete de torniller\u00eda. Normalmente se utilizan para trabajos automotrices y tareas en ensamblaje, Excelente para trabajo pesado.<\/p>\n<p>Excelente para taladrar, afilar, escariar y serrar agujeros.<br \/>\nPalanca hacia adelante y hacia atr\u00e1s en la parte superior para facilitar el acceso.<br \/>\nGatillo de gran tama\u00f1o y v\u00e1lvula progresiva que permite m\u00e1s control para iniciar agujeros.<br \/>\nParte trasera plana para una mejor acci\u00f3n de empuje mientras perforas y golpeas.<br \/>\nCarcasa compuesta con mango de goma termopl\u00e1stica.<\/p>\n<p>Promedio PCM @ Tiempo de Operaci\u00f3n de 15 seg.: 6.90<br \/>\nIncluye Mandril Jacobs, Llave para Mandril<br \/>\nCojinetes Balero<br \/>\nTren de Engranaje Planetario<br \/>\nLongitud Total: 9-1\/4&#8243;<br \/>\nMaterial de la Carcasa: Compuesto<br \/>\nTipo de Obturador: Gatillo Reversible<br \/>\nPeso 2.4 lb.<br \/>\nPCM a Carga Total: 27.6<br \/>\nVelocidad Variable<br \/>\nVelocidad Libre: 2100 rpm<br \/>\nTorsi\u00f3n 4.10 pies-lb.<br \/>\nPresi\u00f3n Requerida: 90 psi<br \/>\nMaterial del Mango: Caucho<br \/>\nTama\u00f1o M\u00ednimo de la Manguera: 3\/8&#8243;<br \/>\nTama\u00f1o del Portabrocas: 3\/8&#8243;<br \/>\nTama\u00f1o de la Entrada de Aire: 1\/4&#8243; NPT<br \/>\nCaballos de Fuerza: 0.5 HP<br \/>\nTorsi\u00f3n M\u00e1x.: 3.5 pies-lb.<br \/>\nAplicaci\u00f3n Perforar, Escariar<br \/>\nMandril con Llave<br \/>\nTipo de Mango: Empu\u00f1adura de Pistola<br \/>\nNivel de Sonido: 87 1\/2 dB<br \/>\nAncho Total1 7\/8&#8243;<br \/>\nAltura Total: 6&#8243;<br \/>\nFuente de Poder: Alimentaci\u00f3n por Aire<br \/>\nRango de Torsi\u00f3n: 0 pies-lb. &#8211; 3.5 pies-lb.<br \/>\nConsumo del Aire: 27.5 PCM<br \/>\nMaterial del Mandril: Metal<br \/>\nCapacidad de Perforaci\u00f3n en Hierro Fundido: 1\/4&#8243;<br \/>\nCapacidad de Perforaci\u00f3n en Aluminio: 1\/4&#8243;<br \/>\nCapacidad de Perforaci\u00f3n en Acero: 1\/8&#8243;<br \/>\nCapacidad de Perforaci\u00f3n en Madera: 3\/8&#8243;<\/p>\n","protected":false},"excerpt":{"rendered":"<p>C\u00f3modo. Ergon\u00f3mico.<\/p>\n[embed]https:\/\/www.youtube.com\/watch?v=Ds8nR46pfuY[\/embed]\n","protected":false},"featured_media":210,"comment_status":"open","ping_status":"closed","template":"","meta":[],"product_cat":[24,25],"product_tag":[],"class_list":{"0":"post-209","1":"product","2":"type-product","3":"status-publish","4":"has-post-thumbnail","6":"product_cat-herramientas","7":"product_cat-neumaticas","9":"first","10":"instock","11":"purchasable","12":"product-type-simple","13":"add-to-wishlist-after_add_to_cart"},"_links":{"self":[{"href":"https:\/\/www.syrisolutions.com\/shop\/wp-json\/wp\/v2\/product\/209","targetHints":{"allow":["GET"]}}],"collection":[{"href":"https:\/\/www.syrisolutions.com\/shop\/wp-json\/wp\/v2\/product"}],"about":[{"href":"https:\/\/www.syrisolutions.com\/shop\/wp-json\/wp\/v2\/types\/product"}],"replies":[{"embeddable":true,"href":"https:\/\/www.syrisolutions.com\/shop\/wp-json\/wp\/v2\/comments?post=209"}],"wp:featuredmedia":[{"embeddable":true,"href":"https:\/\/www.syrisolutions.com\/shop\/wp-json\/wp\/v2\/media\/210"}],"wp:attachment":[{"href":"https:\/\/www.syrisolutions.com\/shop\/wp-json\/wp\/v2\/media?parent=209"}],"wp:term":[{"taxonomy":"product_cat","embeddable":true,"href":"https:\/\/www.syrisolutions.com\/shop\/wp-json\/wp\/v2\/product_cat?post=209"},{"taxonomy":"product_tag","embeddable":true,"href":"https:\/\/www.syrisolutions.com\/shop\/wp-json\/wp\/v2\/product_tag?post=209"}],"curies":[{"name":"wp","href":"https:\/\/api.w.org\/{rel}","templated":true}]}}