{"id":217,"date":"2024-09-03T16:14:51","date_gmt":"2024-09-03T22:14:51","guid":{"rendered":"https:\/\/www.syrisolutions.com\/shop\/?post_type=product&#038;p=217"},"modified":"2025-10-29T16:14:15","modified_gmt":"2025-10-29T22:14:15","slug":"kit-de-limpieza-para-minisplit-minisplit-bib-kit","status":"publish","type":"product","link":"https:\/\/www.syrisolutions.com\/shop\/product\/kit-de-limpieza-para-minisplit-minisplit-bib-kit\/","title":{"rendered":"Kit De Limpieza Para Minisplit. Minisplit Bib Kit"},"content":{"rendered":"<p>Se adapta f\u00e1cilmente a los sistemas minisplit de hasta 44\u201d de ancho mediante sus sujetadores especiales. Utiliza una secci\u00f3n a la medida para crear una barrera contra la pared y alrededores de tal manera que se pueden limpiar las bobinas, aspas y otras secciones utilizando cualquier sistema de limpieza presurizado. Recomendamos el sistema CoilJet SCJ-125 port\u00e1til \u2013tambi\u00e9n disponible para entrega inmediata. El juego incluye una bolsa, sujetadores ajustables, cinta adhesiva y una cubeta de 19 litros. El ducto de 2.4 metros direcciona toda el agua y qu\u00edmicos dentro de la cubeta para una disposici\u00f3n adecuada y para mantener los qu\u00edmicos y el agua alejados de las paredes.<\/p>\n<p>+++DISPONIBLE PARA ENTREGA INMEDIATA. FACTURAMOS+++.<\/p>\n<p>Se incluye:<\/p>\n<p>Bolsa ajustable<br \/>\nCubeta 19 litros<br \/>\nDucto flexible para direccionar residuos lejos de las paredes.<br \/>\nCinta adhesiva<br \/>\nSujetadores ajustables<\/p>\n","protected":false},"excerpt":{"rendered":"<p>Proporciona una forma f\u00e1cil, segura y mucho m\u00e1s limpia de limpiar tu sistema mini split. El sistema colector de agua es reusable, lo que te permite estar siempre listo para realizar la limpieza requerida.<\/p>\n[embed]https:\/\/www.youtube.com\/watch?v=AFEAiRMGrHA[\/embed]\n<p>&nbsp;<\/p>\n","protected":false},"featured_media":219,"comment_status":"open","ping_status":"closed","template":"","meta":[],"product_cat":[26,24],"product_tag":[],"class_list":{"0":"post-217","1":"product","2":"type-product","3":"status-publish","4":"has-post-thumbnail","6":"product_cat-electricas","7":"product_cat-herramientas","9":"first","10":"instock","11":"purchasable","12":"product-type-simple","13":"add-to-wishlist-after_add_to_cart"},"_links":{"self":[{"href":"https:\/\/www.syrisolutions.com\/shop\/wp-json\/wp\/v2\/product\/217","targetHints":{"allow":["GET"]}}],"collection":[{"href":"https:\/\/www.syrisolutions.com\/shop\/wp-json\/wp\/v2\/product"}],"about":[{"href":"https:\/\/www.syrisolutions.com\/shop\/wp-json\/wp\/v2\/types\/product"}],"replies":[{"embeddable":true,"href":"https:\/\/www.syrisolutions.com\/shop\/wp-json\/wp\/v2\/comments?post=217"}],"wp:featuredmedia":[{"embeddable":true,"href":"https:\/\/www.syrisolutions.com\/shop\/wp-json\/wp\/v2\/media\/219"}],"wp:attachment":[{"href":"https:\/\/www.syrisolutions.com\/shop\/wp-json\/wp\/v2\/media?parent=217"}],"wp:term":[{"taxonomy":"product_cat","embeddable":true,"href":"https:\/\/www.syrisolutions.com\/shop\/wp-json\/wp\/v2\/product_cat?post=217"},{"taxonomy":"product_tag","embeddable":true,"href":"https:\/\/www.syrisolutions.com\/shop\/wp-json\/wp\/v2\/product_tag?post=217"}],"curies":[{"name":"wp","href":"https:\/\/api.w.org\/{rel}","templated":true}]}}