{"id":225,"date":"2024-10-31T10:10:11","date_gmt":"2024-10-31T16:10:11","guid":{"rendered":"https:\/\/www.syrisolutions.com\/shop\/?post_type=product&#038;p=225"},"modified":"2024-10-31T10:10:11","modified_gmt":"2024-10-31T16:10:11","slug":"accesorio-de-fijacion-parker-transair-1%e2%80%b3-25-mm-6697-25-01","status":"publish","type":"product","link":"https:\/\/www.syrisolutions.com\/shop\/product\/accesorio-de-fijacion-parker-transair-1%e2%80%b3-25-mm-6697-25-01\/","title":{"rendered":"Accesorio de Fijaci\u00f3n Parker Transair 1\u2033 (25 mm). 6697 25 01"},"content":{"rendered":"<p>Los accesorios de fijaci\u00f3n de Transair son ligeros y f\u00e1ciles de instalar. Los tubos de Transair solo se pueden colgar mediante estos accesorios. Cada clip de fijaci\u00f3n resiste un peso de hasta 44 lbs, aunque para una instalaci\u00f3n m\u00e1s adecuada es necesario utilizar dos tubos. Todos los accesorios de fijaci\u00f3n est\u00e1n fabricados en materiales no inflamables seg\u00fan UL94V-2.<\/p>\n<p>Para conocer las instrucciones de instalaci\u00f3n, descargue nuestro manual de instalaci\u00f3n.<\/p>\n<p>Mercados:<br \/>\n\u2022 Ensamble de autom\u00f3viles<br \/>\n\u2022 Alimentos y bebidas<br \/>\n\u2022 Embalaje<br \/>\n\u2022 Plantas industriales<br \/>\n\u2022 Tecnolog\u00eda aeroespacial<\/p>\n<p>Caracter\u00edsticas\/beneficios:<br \/>\n\u2022 F\u00e1cil de usar<br \/>\n\u2022 Peso ligero<br \/>\n\u2022 Materiales no inflamables (seg\u00fan UL94V-2)<\/p>\n<p>Aplicaciones:<br \/>\n\u2022 Aire comprimido<br \/>\n\u2022 Vac\u00edo<br \/>\n\u2022 Gas inerte<\/p>\n<table id=\"table1\">\n<tbody>\n<tr>\n<td class=\"font-size-medium-Blk bold\">Tipo:<\/td>\n<td class=\"font-size-small-Blk pl-2\">Pipe Hanger<\/td>\n<\/tr>\n<tr>\n<td class=\"font-size-medium-Blk bold\">Aplicaci\u00f3n:<\/td>\n<td class=\"font-size-small-Blk pl-2\">Aluminum Pipe<\/td>\n<\/tr>\n<tr>\n<td class=\"font-size-medium-Blk bold\">Marca:<\/td>\n<td class=\"font-size-small-Blk pl-2\">Parker, Transair<\/td>\n<\/tr>\n<tr>\n<td class=\"font-size-medium-Blk bold\">Divisi\u00f3n:<\/td>\n<td class=\"font-size-small-Blk pl-2\">Fluid System Connectors Division<\/td>\n<\/tr>\n<tr>\n<td class=\"font-size-medium-Blk bold\">Industria:<\/td>\n<td class=\"font-size-small-Blk pl-2\">General Industrial<\/td>\n<\/tr>\n<tr>\n<td class=\"font-size-medium-Blk bold\">Aplicaci\u00f3n:<\/td>\n<td class=\"font-size-small-Blk pl-2\">In Plant Pneumatic<\/td>\n<\/tr>\n<tr>\n<td class=\"font-size-medium-Blk bold\">Tecnolog\u00eda:<\/td>\n<td class=\"font-size-small-Blk pl-2\">Pneumatics, Fluid &amp; Gas Handling<\/td>\n<\/tr>\n<tr>\n<td class=\"font-size-medium-Blk bold\">Tipo de productos:<\/td>\n<td class=\"font-size-small-Blk pl-2\">Compressed Air Piping<\/td>\n<\/tr>\n<tr>\n<td class=\"font-size-medium-Blk bold\">Forma:<\/td>\n<td class=\"font-size-small-Blk pl-2\">Circular<\/td>\n<\/tr>\n<tr>\n<td class=\"font-size-medium-Blk bold\">Configuraci\u00f3n:<\/td>\n<td class=\"font-size-small-Blk pl-2\">Pipe to Port<\/td>\n<\/tr>\n<tr>\n<td class=\"font-size-medium-Blk bold\">Tipo de conexi\u00f3n 1:<\/td>\n<td class=\"font-size-small-Blk pl-2\">Pipe<\/td>\n<\/tr>\n<tr>\n<td class=\"font-size-medium-Blk bold\">Tipo de conexi\u00f3n 2:<\/td>\n<td class=\"font-size-small-Blk pl-2\">Female NPT<\/td>\n<\/tr>\n<tr>\n<td class=\"font-size-medium-Blk bold\">Tama\u00f1o de la conexi\u00f3n 2:<\/td>\n<td class=\"font-size-small-Blk pl-2\">1\/4-20 UNC inch, M8x1.25 mm<\/td>\n<\/tr>\n<tr>\n<td class=\"font-size-medium-Blk bold\">Para tipo de fluido:<\/td>\n<td class=\"font-size-small-Blk pl-2\">n\/a<\/td>\n<\/tr>\n<tr>\n<td class=\"font-size-medium-Blk bold\">Peso:<\/td>\n<td class=\"font-size-small-Blk pl-2\">0.070 lb, 0.07 kg<\/td>\n<\/tr>\n<tr>\n<td class=\"font-size-medium-Blk bold\">D.E. de la tuber\u00eda (mm):<\/td>\n<td class=\"font-size-small-Blk pl-2\">25<\/td>\n<\/tr>\n<tr>\n<td class=\"font-size-medium-Blk bold\">Cantidad por caja:<\/td>\n<td class=\"font-size-small-Blk pl-2\">15.0<\/td>\n<\/tr>\n<tr>\n<td class=\"font-size-medium-Blk bold\">D.E. de la tuber\u00eda (pulg):<\/td>\n<td class=\"font-size-small-Blk pl-2\">1<\/td>\n<\/tr>\n<tr>\n<td class=\"font-size-medium-Blk bold\">Material del cuerpo:<\/td>\n<td class=\"font-size-small-Blk pl-2\">Technical Polymer<\/td>\n<\/tr>\n<tr>\n<td class=\"font-size-medium-Blk bold\">Tama\u00f1o de la conexi\u00f3n 1:<\/td>\n<td class=\"font-size-small-Blk pl-2\">1 inch, 25 mm<\/td>\n<\/tr>\n<tr>\n<td class=\"font-size-medium-Blk bold\">Montaje:<\/td>\n<td class=\"font-size-small-Blk pl-2\">n\/a<\/td>\n<\/tr>\n<tr>\n<td class=\"font-size-medium-Blk bold\">Tiempo de montaje:<\/td>\n<td class=\"font-size-small-Blk pl-2\">0.01 Hours<\/td>\n<\/tr>\n<tr>\n<td class=\"font-size-medium-Blk bold\">Estilo de productos:<\/td>\n<td class=\"font-size-small-Blk pl-2\">Pipe hanger<\/td>\n<\/tr>\n<tr>\n<td class=\"font-size-medium-Blk bold\">Presi\u00f3n de trabajo m\u00e1xima:<\/td>\n<td class=\"font-size-small-Blk pl-2\">n\/a psi, n\/a bar<\/td>\n<\/tr>\n<tr>\n<td class=\"font-size-medium-Blk bold\">Temperatura m\u00e1xima de funcionamiento:<\/td>\n<td class=\"font-size-small-Blk pl-2\">n\/a \u00b0C, n\/a \u00b0F<\/td>\n<\/tr>\n<tr>\n<td class=\"font-size-medium-Blk bold\">Temperatura m\u00ednima de funcionamiento:<\/td>\n<td class=\"font-size-small-Blk pl-2\">n\/a \u00b0C, n\/a \u00b0F<\/td>\n<\/tr>\n<\/tbody>\n<\/table>\n","protected":false},"excerpt":{"rendered":"[embed]https:\/\/www.youtube.com\/watch?v=wpghu9Pxs20[\/embed]\n","protected":false},"featured_media":226,"comment_status":"open","ping_status":"closed","template":"","meta":[],"product_cat":[28,29],"product_tag":[],"class_list":{"0":"post-225","1":"product","2":"type-product","3":"status-publish","4":"has-post-thumbnail","6":"product_cat-accesorios","7":"product_cat-ganchos","9":"first","10":"instock","11":"purchasable","12":"product-type-simple","13":"add-to-wishlist-after_add_to_cart"},"_links":{"self":[{"href":"https:\/\/www.syrisolutions.com\/shop\/wp-json\/wp\/v2\/product\/225","targetHints":{"allow":["GET"]}}],"collection":[{"href":"https:\/\/www.syrisolutions.com\/shop\/wp-json\/wp\/v2\/product"}],"about":[{"href":"https:\/\/www.syrisolutions.com\/shop\/wp-json\/wp\/v2\/types\/product"}],"replies":[{"embeddable":true,"href":"https:\/\/www.syrisolutions.com\/shop\/wp-json\/wp\/v2\/comments?post=225"}],"wp:featuredmedia":[{"embeddable":true,"href":"https:\/\/www.syrisolutions.com\/shop\/wp-json\/wp\/v2\/media\/226"}],"wp:attachment":[{"href":"https:\/\/www.syrisolutions.com\/shop\/wp-json\/wp\/v2\/media?parent=225"}],"wp:term":[{"taxonomy":"product_cat","embeddable":true,"href":"https:\/\/www.syrisolutions.com\/shop\/wp-json\/wp\/v2\/product_cat?post=225"},{"taxonomy":"product_tag","embeddable":true,"href":"https:\/\/www.syrisolutions.com\/shop\/wp-json\/wp\/v2\/product_tag?post=225"}],"curies":[{"name":"wp","href":"https:\/\/api.w.org\/{rel}","templated":true}]}}