{"id":251,"date":"2025-11-04T11:07:46","date_gmt":"2025-11-04T17:07:46","guid":{"rendered":"https:\/\/www.syrisolutions.com\/shop\/?post_type=product&#038;p=251"},"modified":"2026-01-09T17:39:35","modified_gmt":"2026-01-09T23:39:35","slug":"disco-fibra-natural-canela-19-acs-5-piezas-por-paquete","status":"publish","type":"product","link":"https:\/\/www.syrisolutions.com\/shop\/product\/disco-fibra-natural-canela-19-acs-5-piezas-por-paquete\/","title":{"rendered":"Disco fibra natural. Canela. 19&#8243;. ACS. 5 piezas por paquete."},"content":{"rendered":"<p>Pula sin esfuerzo acabados de pisos de dureza media a dura con la almohadilla para pisos Scrubble by ACS 3521 de 19&#8243; con mezcla de fibras de pelo medio. Esta almohadilla utiliza una mezcla de fibras de poli\u00e9ster y pelo natural para aprovechar los efectos lubricantes del pelo natural y producir un acabado liso con aspecto h\u00famedo. Esta vers\u00e1til almohadilla se puede usar con m\u00e1quinas el\u00e9ctricas, de bater\u00eda o de propano que operan a velocidades ultrarr\u00e1pidas de hasta 3000 RPM. Su construcci\u00f3n duradera garantiza una limpieza profesional y profunda. Adem\u00e1s, su distintivo color tostado facilita la distinci\u00f3n entre esta almohadilla y otras en su sistema de cuidado de pisos.<\/p>\n<p>Las almohadillas para pisos ACS by Scrubble est\u00e1n formuladas con la proporci\u00f3n adecuada de poli\u00e9ster no tejido, fibras de nailon y granos abrasivos para lograr el m\u00e1ximo rendimiento del producto. El proceso de uni\u00f3n de estas fibras, junto con resinas y adhesivos especiales, las hace resistentes, duraderas y consistentes.<\/p>\n<p>Para pulido mec\u00e1nico (sin agregar qu\u00edmicos).<br \/>\nCaja con 5 discos.<\/p>\n","protected":false},"excerpt":{"rendered":"<p>Excelente para un lavado suave o un pulido en seco mediante una pulidora de baja velocidad (300-500 rpm).<\/p>\n","protected":false},"featured_media":252,"comment_status":"open","ping_status":"closed","template":"","meta":[],"product_cat":[38],"product_tag":[],"class_list":{"0":"post-251","1":"product","2":"type-product","3":"status-publish","4":"has-post-thumbnail","6":"product_cat-discos-corte-abrasivos-pulidores","8":"first","9":"instock","10":"purchasable","11":"product-type-simple","12":"add-to-wishlist-after_add_to_cart"},"_links":{"self":[{"href":"https:\/\/www.syrisolutions.com\/shop\/wp-json\/wp\/v2\/product\/251","targetHints":{"allow":["GET"]}}],"collection":[{"href":"https:\/\/www.syrisolutions.com\/shop\/wp-json\/wp\/v2\/product"}],"about":[{"href":"https:\/\/www.syrisolutions.com\/shop\/wp-json\/wp\/v2\/types\/product"}],"replies":[{"embeddable":true,"href":"https:\/\/www.syrisolutions.com\/shop\/wp-json\/wp\/v2\/comments?post=251"}],"wp:featuredmedia":[{"embeddable":true,"href":"https:\/\/www.syrisolutions.com\/shop\/wp-json\/wp\/v2\/media\/252"}],"wp:attachment":[{"href":"https:\/\/www.syrisolutions.com\/shop\/wp-json\/wp\/v2\/media?parent=251"}],"wp:term":[{"taxonomy":"product_cat","embeddable":true,"href":"https:\/\/www.syrisolutions.com\/shop\/wp-json\/wp\/v2\/product_cat?post=251"},{"taxonomy":"product_tag","embeddable":true,"href":"https:\/\/www.syrisolutions.com\/shop\/wp-json\/wp\/v2\/product_tag?post=251"}],"curies":[{"name":"wp","href":"https:\/\/api.w.org\/{rel}","templated":true}]}}