{"id":258,"date":"2025-11-05T13:30:11","date_gmt":"2025-11-05T19:30:11","guid":{"rendered":"https:\/\/www.syrisolutions.com\/shop\/?post_type=product&#038;p=258"},"modified":"2026-01-09T17:37:18","modified_gmt":"2026-01-09T23:37:18","slug":"removedor-negro-black-strip-acs-19-caja-con-5","status":"publish","type":"product","link":"https:\/\/www.syrisolutions.com\/shop\/product\/removedor-negro-black-strip-acs-19-caja-con-5\/","title":{"rendered":"Removedor negro (Black strip). ACS. 19&#8243;. Caja con 5."},"content":{"rendered":"<p>El disco m\u00e1s popular dise\u00f1ado para trabajo pesado de remoci\u00f3n h\u00fameda. Posee una textura agresiva para remover cera, suciedad y cualquier acabado. Fuerte, durable y constru\u00eddo para actuar. Para usarse con m\u00e1quinas de baja\u00a0 velocidad (175-350 rpm).<\/p>\n","protected":false},"excerpt":{"rendered":"<p>Posee una textura agresiva que lo hace una soluci\u00f3n vers\u00e1til y efectiva para remoci\u00f3n h\u00fameda de trabajo pesado.<\/p>\n","protected":false},"featured_media":259,"comment_status":"open","ping_status":"closed","template":"","meta":[],"product_cat":[38],"product_tag":[],"class_list":{"0":"post-258","1":"product","2":"type-product","3":"status-publish","4":"has-post-thumbnail","6":"product_cat-discos-corte-abrasivos-pulidores","8":"first","9":"instock","10":"purchasable","11":"product-type-simple","12":"add-to-wishlist-after_add_to_cart"},"_links":{"self":[{"href":"https:\/\/www.syrisolutions.com\/shop\/wp-json\/wp\/v2\/product\/258","targetHints":{"allow":["GET"]}}],"collection":[{"href":"https:\/\/www.syrisolutions.com\/shop\/wp-json\/wp\/v2\/product"}],"about":[{"href":"https:\/\/www.syrisolutions.com\/shop\/wp-json\/wp\/v2\/types\/product"}],"replies":[{"embeddable":true,"href":"https:\/\/www.syrisolutions.com\/shop\/wp-json\/wp\/v2\/comments?post=258"}],"wp:featuredmedia":[{"embeddable":true,"href":"https:\/\/www.syrisolutions.com\/shop\/wp-json\/wp\/v2\/media\/259"}],"wp:attachment":[{"href":"https:\/\/www.syrisolutions.com\/shop\/wp-json\/wp\/v2\/media?parent=258"}],"wp:term":[{"taxonomy":"product_cat","embeddable":true,"href":"https:\/\/www.syrisolutions.com\/shop\/wp-json\/wp\/v2\/product_cat?post=258"},{"taxonomy":"product_tag","embeddable":true,"href":"https:\/\/www.syrisolutions.com\/shop\/wp-json\/wp\/v2\/product_tag?post=258"}],"curies":[{"name":"wp","href":"https:\/\/api.w.org\/{rel}","templated":true}]}}