{"id":263,"date":"2025-11-05T14:00:36","date_gmt":"2025-11-05T20:00:36","guid":{"rendered":"https:\/\/www.syrisolutions.com\/shop\/?post_type=product&#038;p=263"},"modified":"2026-01-09T17:26:17","modified_gmt":"2026-01-09T23:26:17","slug":"union-para-tuberia-1-transair-6606-2500","status":"publish","type":"product","link":"https:\/\/www.syrisolutions.com\/shop\/product\/union-para-tuberia-1-transair-6606-2500\/","title":{"rendered":"Uni\u00f3n para tuber\u00eda 1&#8243;. Transair. 6606 2500."},"content":{"rendered":"<p>Los conectores de tubos Transair son f\u00e1ciles y r\u00e1pidos de instalar. La tecnolog\u00eda de conexi\u00f3n r\u00e1pida de Transair permite modificar y reconfigurar los sistemas en cuesti\u00f3n de minutos, en lugar de en horas o d\u00edas como pasar\u00eda con materiales tradicionales. Esta tecnolog\u00eda minimiza los tiempos de inactividad de la producci\u00f3n e incrementa la productividad y la eficiencia del proceso.<\/p>\n<p>El dise\u00f1o de &#8220;paso integral&#8221; de los conectores de Transair junto con un bajo coeficiente de fricci\u00f3n en el tubo garantiza un flujo \u00f3ptimo en todo el sistema. Todos los conectores son 100 % reciclables, libres de silicona y elaborados a base de materiales no inflamables. (Conformidad con UL94-HB) Parker ofrece una garant\u00eda de 10 a\u00f1os en todos los conectores y tubos Transair.<\/p>\n<p>Los conectores para tubos de 1\/2&#8243; (16,5 mm), 1&#8243; (25 mm) y 1-1\/2&#8243; (40 mm) se conectan mediante tecnolog\u00eda de conexi\u00f3n por presi\u00f3n. Todos los conectores vienen con par de torsi\u00f3n predeterminado y marcados de f\u00e1brica. Para instalarlos, por tanto, solo debe insertarse el tubo en los racores sin necesidad de apretar la tuerca.<\/p>\n<p>Disponible para env\u00edo inmediato. Precio por unidad.<\/p>\n<p>Especificaciones t\u00e9cnicas<br \/>\nEstilo de productos: Pipe<br \/>\nSin silicona: Yes<br \/>\nPeso: 0.28 lb, 0.13 kg<br \/>\nD.E. de la tuber\u00eda 2 (pulg): N\/A<br \/>\nD.E. de la tuber\u00eda (mm): 25<br \/>\nMarca: Parker, Transair<br \/>\nDivisi\u00f3n: Low Pressure Connectors Europe Division, Fluid System Connectors Division<br \/>\nIndustria: General Industrial<br \/>\nAplicaci\u00f3n: Compressed Air, Vacuum, Industrial Gas, Inert Gas<br \/>\nTecnolog\u00eda: Pneumatics, Fluid &amp; Gas Handling<br \/>\nTipo de productos: Compressed Air Piping<br \/>\nD.E. de la tuber\u00eda 2 (mm): N\/A<br \/>\nPresi\u00f3n de trabajo m\u00e1xima: 232 psi, 16 bar 232 PSI (-4\u00b0F to +113\u00b0F)\/16 bar (-20\u00b0C to 45\u00b0C) up to 100 mm 188 PSI (-4\u00b0 to +140\u00b0F)\/13 bar (-20\u00b0C to 60\u00b0C) up to 168 mm 101 PSI (-4\u00b0 to +185\u00b0F)\/7 bar ( -20\u00b0C to 85\u00b0C) up to 168 mm<br \/>\nForma: Recta<br \/>\nD.E. de la tuber\u00eda (pulg): 1<br \/>\nConfiguraci\u00f3n: Tubo a tubo<br \/>\nTemperatura m\u00e1xima de funcionamiento: 185 \u00b0F, 85 \u00b0C<br \/>\nTemperatura m\u00ednima de funcionamiento: -4 \u00b0F, -20 \u00b0C<br \/>\nPara tipo de fluido: Aire, Gas Industrial<br \/>\nRango de presi\u00f3n de vac\u00edo: 1 mbar, 0.03 inch-Hg<br \/>\nCumplimiento con especificaciones: EN 755.2, EN 755.8, EN 573.3, ISO 9001, ASME B31.1 &#8211; 31.9, ISO 8573 (Air Quality), TUV, CE 2014\/68\/EU<br \/>\nCantidad por caja: 5.0<br \/>\nTama\u00f1o de la conexi\u00f3n 1: 1 inch, 25 mm<br \/>\nTama\u00f1o de la conexi\u00f3n 2: 25 mm, 1 inch<br \/>\nEstilo de productos: Union Fitting<br \/>\nTipo de conexi\u00f3n 1: Tuber\u00eda<br \/>\nTipo de conexi\u00f3n 2: Tuber\u00eda<br \/>\nTiempo de montaje: 0.04 Hours<br \/>\nMaterial del cuerpo: Technical Polymer<\/p>\n","protected":false},"excerpt":{"rendered":"<p>Los conectores para tubos de 1\/2&#8243; (16,5 mm), 1&#8243; (25 mm) y 1-1\/2&#8243; (40 mm) se conectan mediante tecnolog\u00eda de conexi\u00f3n por presi\u00f3n. Todos los conectores vienen con par de torsi\u00f3n predeterminado y marcados de f\u00e1brica. Para instalarlos, por tanto, solo debe insertarse el tubo en los racores sin necesidad de apretar la tuerca.<\/p>\n<p>Disponible para env\u00edo inmediato. Precio por unidad.<\/p>\n","protected":false},"featured_media":264,"comment_status":"open","ping_status":"closed","template":"","meta":[],"product_cat":[28],"product_tag":[],"class_list":{"0":"post-263","1":"product","2":"type-product","3":"status-publish","4":"has-post-thumbnail","6":"product_cat-accesorios","8":"first","9":"instock","10":"taxable","11":"shipping-taxable","12":"purchasable","13":"product-type-simple","14":"add-to-wishlist-after_add_to_cart"},"_links":{"self":[{"href":"https:\/\/www.syrisolutions.com\/shop\/wp-json\/wp\/v2\/product\/263","targetHints":{"allow":["GET"]}}],"collection":[{"href":"https:\/\/www.syrisolutions.com\/shop\/wp-json\/wp\/v2\/product"}],"about":[{"href":"https:\/\/www.syrisolutions.com\/shop\/wp-json\/wp\/v2\/types\/product"}],"replies":[{"embeddable":true,"href":"https:\/\/www.syrisolutions.com\/shop\/wp-json\/wp\/v2\/comments?post=263"}],"wp:featuredmedia":[{"embeddable":true,"href":"https:\/\/www.syrisolutions.com\/shop\/wp-json\/wp\/v2\/media\/264"}],"wp:attachment":[{"href":"https:\/\/www.syrisolutions.com\/shop\/wp-json\/wp\/v2\/media?parent=263"}],"wp:term":[{"taxonomy":"product_cat","embeddable":true,"href":"https:\/\/www.syrisolutions.com\/shop\/wp-json\/wp\/v2\/product_cat?post=263"},{"taxonomy":"product_tag","embeddable":true,"href":"https:\/\/www.syrisolutions.com\/shop\/wp-json\/wp\/v2\/product_tag?post=263"}],"curies":[{"name":"wp","href":"https:\/\/api.w.org\/{rel}","templated":true}]}}