{"id":265,"date":"2025-11-05T14:43:57","date_gmt":"2025-11-05T20:43:57","guid":{"rendered":"https:\/\/www.syrisolutions.com\/shop\/?post_type=product&#038;p=265"},"modified":"2026-01-09T17:24:02","modified_gmt":"2026-01-09T23:24:02","slug":"manometro-dewit-255-100-11-0-11-kg-cm2-0-160-psi","status":"publish","type":"product","link":"https:\/\/www.syrisolutions.com\/shop\/product\/manometro-dewit-255-100-11-0-11-kg-cm2-0-160-psi\/","title":{"rendered":"Man\u00f3metro Dewit. 255\/100\/11. 0-11 Kg\/cm2 (0-160 Psi)"},"content":{"rendered":"<p>Dise\u00f1ado para ser instalado en ambientes donde existan agentes corrosivos, gran cantidad de polvo, vibraci\u00f3n excesiva o la presi\u00f3n de la l\u00ednea tenga severa pulsaci\u00f3n o golpes de ariete causados por cambios bruscos de presi\u00f3n en fluidos corrosivos que no ataquen al bronce, como bombas, prensas, plantas cementeras, etc.<\/p>\n<p>Exactitud: +\/- 2% del total de la escala<br \/>\nElemento: Tubo bourdon de bronce<br \/>\nConexi\u00f3n: Bronce 1\/4\u201d N.P.T. Posterior<br \/>\nMecanismo: Bronce<br \/>\nCaja y Bisel: Acero inoxidable 304<br \/>\nVentana: Acr\u00edlico<br \/>\nCar\u00e1tula: Aluminio fondo blanco, n\u00fameros negros\/rojos<br \/>\nAguja: Aluminio esmaltado negro<br \/>\nTama\u00f1o: \u00f8100 mm (4\u201d)<br \/>\nRangos: Doble escala, kg\/cm2 + psi<\/p>\n","protected":false},"excerpt":{"rendered":"<p>Dise\u00f1ado para ser instalado en ambientes donde existan agentes corrosivos, gran cantidad de polvo, vibraci\u00f3n excesiva o la presi\u00f3n de la l\u00ednea tenga severa pulsaci\u00f3n o golpes de ariete causados por cambios bruscos de presi\u00f3n en fluidos corrosivos que no ataquen al bronce, como bombas, prensas, plantas cementeras, etc.<\/p>\n","protected":false},"featured_media":266,"comment_status":"open","ping_status":"closed","template":"","meta":[],"product_cat":[34],"product_tag":[],"class_list":{"0":"post-265","1":"product","2":"type-product","3":"status-publish","4":"has-post-thumbnail","6":"product_cat-instrumentos","8":"first","9":"instock","10":"purchasable","11":"product-type-simple","12":"add-to-wishlist-after_add_to_cart"},"_links":{"self":[{"href":"https:\/\/www.syrisolutions.com\/shop\/wp-json\/wp\/v2\/product\/265","targetHints":{"allow":["GET"]}}],"collection":[{"href":"https:\/\/www.syrisolutions.com\/shop\/wp-json\/wp\/v2\/product"}],"about":[{"href":"https:\/\/www.syrisolutions.com\/shop\/wp-json\/wp\/v2\/types\/product"}],"replies":[{"embeddable":true,"href":"https:\/\/www.syrisolutions.com\/shop\/wp-json\/wp\/v2\/comments?post=265"}],"wp:featuredmedia":[{"embeddable":true,"href":"https:\/\/www.syrisolutions.com\/shop\/wp-json\/wp\/v2\/media\/266"}],"wp:attachment":[{"href":"https:\/\/www.syrisolutions.com\/shop\/wp-json\/wp\/v2\/media?parent=265"}],"wp:term":[{"taxonomy":"product_cat","embeddable":true,"href":"https:\/\/www.syrisolutions.com\/shop\/wp-json\/wp\/v2\/product_cat?post=265"},{"taxonomy":"product_tag","embeddable":true,"href":"https:\/\/www.syrisolutions.com\/shop\/wp-json\/wp\/v2\/product_tag?post=265"}],"curies":[{"name":"wp","href":"https:\/\/api.w.org\/{rel}","templated":true}]}}