{"id":86,"date":"2024-08-14T10:47:18","date_gmt":"2024-08-14T16:47:18","guid":{"rendered":"https:\/\/www.syrisolutions.com\/shop\/?post_type=product&#038;p=86"},"modified":"2025-10-30T09:29:14","modified_gmt":"2025-10-30T15:29:14","slug":"jabonera-manual-para-espuma-oval-750ml-dv012-negra","status":"publish","type":"product","link":"https:\/\/www.syrisolutions.com\/shop\/product\/jabonera-manual-para-espuma-oval-750ml-dv012-negra\/","title":{"rendered":"Jabonera Manual Para Espuma Oval\u00ae 750ml. Negra. DV012."},"content":{"rendered":"<p class=\"p1\"><span class=\"s1\">Es un dosificador de jab\u00f3n para manos en espuma. Esta jabonera puede dosificar cualquier marca de jab\u00f3n dise\u00f1ado para espuma a granel. Su mecanismo permite mezclar el jab\u00f3n con el aire y hacer una espuma densa para un conveniente lavado de manos. Cada dosis equivale a 0.7 ml de jab\u00f3n. Es un dosificador completamente manual por lo que no requiere bater\u00edas. El tanque de la jabonera tiene capacidad de 750 ml. La tapa o cubierta cubre tanto el tanque como el mecanismo y cuenta con cerradura. La jabonera viene con 2 llaves.<\/span><\/p>\n<p><strong>USOS PRINCIPALES<\/strong><\/p>\n<p class=\"p1\"><span class=\"s1\">Esta jabonera tiene un buen rendimiento e imagen por lo que puede ser utilizada en cualquier ba\u00f1o p\u00fablico como industrias, centros comerciales, hoteles, restaurantes, bares, hospitales, etc.<\/span><\/p>\n<p><strong>MONTAJE<\/strong><\/p>\n<p class=\"p1\"><span class=\"s1\">Esta jabonera debe ser montada en la pared o cualquier superficie vertical. El montaje en la pared se debe hacer con 4 taquetes y pijas que vienen incluidas con el producto.<\/span><\/p>\n<p><iframe title=\"Oval L\u00ednea ABS JUMBO - DV011\/DV012, DV003\/DV031, DV013\/DV028\" width=\"640\" height=\"360\" src=\"https:\/\/www.youtube.com\/embed\/j6CL10aN8v8?feature=oembed\" frameborder=\"0\" allow=\"accelerometer; autoplay; clipboard-write; encrypted-media; gyroscope; picture-in-picture; web-share\" referrerpolicy=\"strict-origin-when-cross-origin\" allowfullscreen><\/iframe><\/p>\n<p>&nbsp;<\/p>\n<p><strong>Medida caja:\u00a0<\/strong>64 x 39 x 45 cm<strong><br \/>\nMaterial:\u00a0<\/strong>P<span class=\"s1\">l\u00e1stico ABS de alto impacto<br \/>\n<\/span><strong>Color:<\/strong>\u00a0Negro con g<span class=\"s1\">ris<\/span><\/p>\n<p>&nbsp;<\/p>\n","protected":false},"excerpt":{"rendered":"<ul class=\"ul-style check\">\n<li>Uso rudo\/industrial<\/li>\n<li>Capacidad de 750ml<\/li>\n<li>Pl\u00e1stico ABS alto impacto<\/li>\n<li>F\u00e1cil instalaci\u00f3n<\/li>\n<\/ul>\n<p>Ideal para:<\/p>\n<ul>\n<li>Hogar<\/li>\n<li>Oficinas<\/li>\n<li>Restaurantes<\/li>\n<li>Hospitales<\/li>\n<\/ul>\n","protected":false},"featured_media":97,"comment_status":"open","ping_status":"closed","template":"","meta":[],"product_cat":[20,21],"product_tag":[],"class_list":{"0":"post-86","1":"product","2":"type-product","3":"status-publish","4":"has-post-thumbnail","6":"product_cat-articulos-de-limpieza","7":"product_cat-dispensadores","9":"first","10":"outofstock","11":"purchasable","12":"product-type-simple","13":"add-to-wishlist-after_add_to_cart"},"_links":{"self":[{"href":"https:\/\/www.syrisolutions.com\/shop\/wp-json\/wp\/v2\/product\/86","targetHints":{"allow":["GET"]}}],"collection":[{"href":"https:\/\/www.syrisolutions.com\/shop\/wp-json\/wp\/v2\/product"}],"about":[{"href":"https:\/\/www.syrisolutions.com\/shop\/wp-json\/wp\/v2\/types\/product"}],"replies":[{"embeddable":true,"href":"https:\/\/www.syrisolutions.com\/shop\/wp-json\/wp\/v2\/comments?post=86"}],"wp:featuredmedia":[{"embeddable":true,"href":"https:\/\/www.syrisolutions.com\/shop\/wp-json\/wp\/v2\/media\/97"}],"wp:attachment":[{"href":"https:\/\/www.syrisolutions.com\/shop\/wp-json\/wp\/v2\/media?parent=86"}],"wp:term":[{"taxonomy":"product_cat","embeddable":true,"href":"https:\/\/www.syrisolutions.com\/shop\/wp-json\/wp\/v2\/product_cat?post=86"},{"taxonomy":"product_tag","embeddable":true,"href":"https:\/\/www.syrisolutions.com\/shop\/wp-json\/wp\/v2\/product_tag?post=86"}],"curies":[{"name":"wp","href":"https:\/\/api.w.org\/{rel}","templated":true}]}}