{"id":92,"date":"2024-08-20T11:55:49","date_gmt":"2024-08-20T17:55:49","guid":{"rendered":"https:\/\/www.syrisolutions.com\/shop\/?post_type=product&#038;p=92"},"modified":"2025-10-30T09:28:11","modified_gmt":"2025-10-30T15:28:11","slug":"despachador-de-papel-oval-junior-acero-inox-blanco-dv037","status":"publish","type":"product","link":"https:\/\/www.syrisolutions.com\/shop\/product\/despachador-de-papel-oval-junior-acero-inox-blanco-dv037\/","title":{"rendered":"Despachador De Papel Oval Junior Acero Inox, Blanco. Dv037"},"content":{"rendered":"<p><iframe title=\"Oval INOX JUNIOR - DV037, DV038, DV057\" width=\"640\" height=\"360\" src=\"https:\/\/www.youtube.com\/embed\/jK543Rr494I?feature=oembed\" frameborder=\"0\" allow=\"accelerometer; autoplay; clipboard-write; encrypted-media; gyroscope; picture-in-picture; web-share\" referrerpolicy=\"strict-origin-when-cross-origin\" allowfullscreen><\/iframe><\/p>\n<p>Es un despachador de gran resistencia al impacto para un uso rudo. El terminado satinado evita las marcas dactilares sobre el despachador. Cuanta con una ventana vertical que permite ver la cantidad de papel restante. Este despachador dosifica cualquier marca de papel higi\u00e9nico junior univesal ya sea de hoja doble o sencilla. La cerradura es met\u00e1lica y est\u00e1 al centro del despachador por lo que es muy segura. Este despachador cuenta con 2 llaves.<\/p>\n<p>Por sus capacidades y resistencia es ideal para todo tipo de ba\u00f1os p\u00fablicos ya sea en industria, restaurantes, hoteles, hospitales, escuelas, aeropuertos, gasolineras, etc.<\/p>\n<p>Este despachador se monta directamente sobre la pared con un juego de 4 pijas y taquetes incluidos.<\/p>\n<p>&nbsp;<\/p>\n","protected":false},"excerpt":{"rendered":"<p>Es un dosificador de papel higi\u00e9nico en bobina junior. Tiene capacidad para rollos de hasta 10 cm de ancho por 300 mts de largo.<\/p>\n","protected":false},"featured_media":93,"comment_status":"open","ping_status":"closed","template":"","meta":[],"product_cat":[20,21],"product_tag":[],"class_list":{"0":"post-92","1":"product","2":"type-product","3":"status-publish","4":"has-post-thumbnail","6":"product_cat-articulos-de-limpieza","7":"product_cat-dispensadores","9":"first","10":"outofstock","11":"purchasable","12":"product-type-simple","13":"add-to-wishlist-after_add_to_cart"},"_links":{"self":[{"href":"https:\/\/www.syrisolutions.com\/shop\/wp-json\/wp\/v2\/product\/92","targetHints":{"allow":["GET"]}}],"collection":[{"href":"https:\/\/www.syrisolutions.com\/shop\/wp-json\/wp\/v2\/product"}],"about":[{"href":"https:\/\/www.syrisolutions.com\/shop\/wp-json\/wp\/v2\/types\/product"}],"replies":[{"embeddable":true,"href":"https:\/\/www.syrisolutions.com\/shop\/wp-json\/wp\/v2\/comments?post=92"}],"wp:featuredmedia":[{"embeddable":true,"href":"https:\/\/www.syrisolutions.com\/shop\/wp-json\/wp\/v2\/media\/93"}],"wp:attachment":[{"href":"https:\/\/www.syrisolutions.com\/shop\/wp-json\/wp\/v2\/media?parent=92"}],"wp:term":[{"taxonomy":"product_cat","embeddable":true,"href":"https:\/\/www.syrisolutions.com\/shop\/wp-json\/wp\/v2\/product_cat?post=92"},{"taxonomy":"product_tag","embeddable":true,"href":"https:\/\/www.syrisolutions.com\/shop\/wp-json\/wp\/v2\/product_tag?post=92"}],"curies":[{"name":"wp","href":"https:\/\/api.w.org\/{rel}","templated":true}]}}